{"id":17862,"date":"2024-04-09T13:59:59","date_gmt":"2024-04-09T11:59:59","guid":{"rendered":"https:\/\/www.playyourtalent.com\/?page_id=17862"},"modified":"2026-03-23T12:50:07","modified_gmt":"2026-03-23T11:50:07","slug":"handelsbetingelser","status":"publish","type":"page","link":"https:\/\/www.playyourtalent.com\/da\/handelsbetingelser\/","title":{"rendered":"Handelsbetingelser"},"content":{"rendered":"\t\t<div data-elementor-type=\"wp-page\" data-elementor-id=\"17862\" class=\"elementor elementor-17862 elementor-15586\" data-elementor-post-type=\"page\">\n\t\t\t\t\t\t<section class=\"elementor-section elementor-top-section elementor-element elementor-element-f4f89e5 elementor-section-stretched elementor-section-height-min-height elementor-section-content-middle elementor-section-boxed elementor-section-height-default elementor-section-items-middle\" data-id=\"f4f89e5\" data-element_type=\"section\" data-e-type=\"section\" data-settings=\"{&quot;stretch_section&quot;:&quot;section-stretched&quot;,&quot;background_background&quot;:&quot;classic&quot;}\">\n\t\t\t\t\t\t<div class=\"elementor-container elementor-column-gap-default\">\n\t\t\t\t\t<div class=\"elementor-column elementor-col-100 elementor-top-column elementor-element elementor-element-60fc43d\" data-id=\"60fc43d\" data-element_type=\"column\" data-e-type=\"column\">\n\t\t\t<div class=\"elementor-widget-wrap elementor-element-populated\">\n\t\t\t\t\t\t<section class=\"elementor-section elementor-inner-section elementor-element elementor-element-2c5eab7 elementor-section-boxed elementor-section-height-default elementor-section-height-default\" data-id=\"2c5eab7\" data-element_type=\"section\" data-e-type=\"section\">\n\t\t\t\t\t\t<div class=\"elementor-container elementor-column-gap-default\">\n\t\t\t\t\t<div class=\"elementor-column elementor-col-100 elementor-inner-column elementor-element elementor-element-6628a05\" data-id=\"6628a05\" data-element_type=\"column\" data-e-type=\"column\">\n\t\t\t<div class=\"elementor-widget-wrap\">\n\t\t\t\t\t\t\t<\/div>\n\t\t<\/div>\n\t\t\t\t\t<\/div>\n\t\t<\/section>\n\t\t\t\t\t<\/div>\n\t\t<\/div>\n\t\t\t\t\t<\/div>\n\t\t<\/section>\n\t\t\t\t<section class=\"elementor-section elementor-top-section elementor-element elementor-element-27992f7 elementor-section-boxed elementor-section-height-default elementor-section-height-default\" data-id=\"27992f7\" data-element_type=\"section\" data-e-type=\"section\">\n\t\t\t\t\t\t<div class=\"elementor-container elementor-column-gap-default\">\n\t\t\t\t\t<div class=\"elementor-column elementor-col-100 elementor-top-column elementor-element elementor-element-8498b1e\" data-id=\"8498b1e\" data-element_type=\"column\" data-e-type=\"column\">\n\t\t\t<div class=\"elementor-widget-wrap elementor-element-populated\">\n\t\t\t\t\t\t<div class=\"elementor-element elementor-element-3be7ad3 elementor-widget elementor-widget-spacer\" data-id=\"3be7ad3\" data-element_type=\"widget\" data-e-type=\"widget\" data-widget_type=\"spacer.default\">\n\t\t\t\t<div class=\"elementor-widget-container\">\n\t\t\t\t\t\t\t<div class=\"elementor-spacer\">\n\t\t\t<div class=\"elementor-spacer-inner\"><\/div>\n\t\t<\/div>\n\t\t\t\t\t\t<\/div>\n\t\t\t\t<\/div>\n\t\t\t\t\t<\/div>\n\t\t<\/div>\n\t\t\t\t\t<\/div>\n\t\t<\/section>\n\t\t\t\t<section class=\"elementor-section elementor-top-section elementor-element elementor-element-18e57c0 elementor-section-boxed elementor-section-height-default elementor-section-height-default\" data-id=\"18e57c0\" data-element_type=\"section\" data-e-type=\"section\">\n\t\t\t\t\t\t<div class=\"elementor-container elementor-column-gap-default\">\n\t\t\t\t\t<div class=\"elementor-column elementor-col-50 elementor-top-column elementor-element elementor-element-73ac19a\" data-id=\"73ac19a\" data-element_type=\"column\" data-e-type=\"column\">\n\t\t\t<div class=\"elementor-widget-wrap elementor-element-populated\">\n\t\t\t\t\t\t<div class=\"elementor-element elementor-element-ca193e2 elementor-widget elementor-widget-text-editor\" data-id=\"ca193e2\" data-element_type=\"widget\" data-e-type=\"widget\" data-widget_type=\"text-editor.default\">\n\t\t\t\t<div class=\"elementor-widget-container\">\n\t\t\t\t\t\t\t\t\t<h2>Handelsbetingelser<\/h2><p class=\"p1\"><span class=\"s1\"><b>Disse forretningsbetingelser g\u00e6lder for alt salg af kurser, konferencer, medlemskaber og webinarer fra Play Your Talents<span class=\"Apple-converted-space\">\u00a0 <\/span>hjemmeside, <\/b><a href=\"https:\/\/www.playyourtalent.com\"><span class=\"s2\"><b>www.playyourtalent.com<\/b><\/span><\/a><b>.<\/b><\/span><\/p><p class=\"p1\"><span class=\"s1\">Forretningstransaktioner er reguleret af markedsf\u00f8ringsloven, persondataloven, e-handelsloven og kreditk\u00f8bsloven.<\/span><\/p>\t\t\t\t\t\t\t\t<\/div>\n\t\t\t\t<\/div>\n\t\t\t\t<div class=\"elementor-element elementor-element-9999e7d elementor-widget elementor-widget-text-editor\" data-id=\"9999e7d\" data-element_type=\"widget\" data-e-type=\"widget\" data-widget_type=\"text-editor.default\">\n\t\t\t\t<div class=\"elementor-widget-container\">\n\t\t\t\t\t\t\t\t\t<h2 class=\"p1\"><span class=\"s1\">Tilmelding til webinarer og online kurser <\/span><\/h2><p class=\"p1\"><span class=\"s1\">Tilmeldingen er bindende ved modtagelsen af ordrebekr\u00e6ftelse p\u00e5 den e-mailadresse, der er oplyst ved tilmeldingen. Der tages forbehold for udsolgte eller aflyste kurser.<\/span><\/p>\t\t\t\t\t\t\t\t<\/div>\n\t\t\t\t<\/div>\n\t\t\t\t<div class=\"elementor-element elementor-element-bf4106e elementor-widget elementor-widget-text-editor\" data-id=\"bf4106e\" data-element_type=\"widget\" data-e-type=\"widget\" data-widget_type=\"text-editor.default\">\n\t\t\t\t<div class=\"elementor-widget-container\">\n\t\t\t\t\t\t\t\t\t<h2 class=\"p1\"><span class=\"s1\">Aflysning<\/span><\/h2><p class=\"p2\"><span class=\"s1\">Vi bestr\u00e6ber os p\u00e5 at gennemf\u00f8re alle webinarer. Men, vi forbeholder os ret til at aflyse eller flytte kurser grundet utilstr\u00e6kkelig antal deltagere, ved undervisers sygdom eller ved lignende tvingende omst\u00e6ndigheder. Aflysning af et webinar kan forekomme indtil 2 dage f\u00f8r webinaret. <\/span><\/p>\t\t\t\t\t\t\t\t<\/div>\n\t\t\t\t<\/div>\n\t\t\t\t<div class=\"elementor-element elementor-element-dd759c6 elementor-widget elementor-widget-text-editor\" data-id=\"dd759c6\" data-element_type=\"widget\" data-e-type=\"widget\" data-widget_type=\"text-editor.default\">\n\t\t\t\t<div class=\"elementor-widget-container\">\n\t\t\t\t\t\t\t\t\t<h2 class=\"p1\"><span class=\"s1\">Klager og indsigelser<\/span><\/h2><p>Hvis du gerne vil indgive en officiel klage over vores kurser, vores service eller andre forhold, beder vi dig g\u00f8re dette skriftligt p\u00e5 e-mail til <a href=\"mailto:info@playyourtalent.com\">info@playyourtalent.com<\/a>.<\/p><p>Vi bestr\u00e6ber os p\u00e5 at svare din henvendelse s\u00e5 hurtigt som muligt og senest inden for 2 hverdage.<\/p>\t\t\t\t\t\t\t\t<\/div>\n\t\t\t\t<\/div>\n\t\t\t\t<div class=\"elementor-element elementor-element-2dab1c6 elementor-widget elementor-widget-text-editor\" data-id=\"2dab1c6\" data-element_type=\"widget\" data-e-type=\"widget\" data-widget_type=\"text-editor.default\">\n\t\t\t\t<div class=\"elementor-widget-container\">\n\t\t\t\t\t\t\t\t\t<h2 class=\"p1\"><span class=\"s1\">Rettigheder<\/span><\/h2><p>Play Your Talent\u00a0har ejendomsretten og alle andre rettigheder (herunder ophavsret og copyright) til alle kursusmaterialer.<\/p><p>Kursusmaterialer m\u00e5 alene bruges af den enkelte kursist og m\u00e5 ikke deles, kopieres eller p\u00e5 anden m\u00e5de bruges i forbindelse med offentlig fremvisning eller i sammenh\u00e6nge, der kan v\u00e6re i konkurrence med Play Your Talents forretning.<\/p>\t\t\t\t\t\t\t\t<\/div>\n\t\t\t\t<\/div>\n\t\t\t\t\t<\/div>\n\t\t<\/div>\n\t\t\t\t<div class=\"elementor-column elementor-col-50 elementor-top-column elementor-element elementor-element-1f3b207\" data-id=\"1f3b207\" data-element_type=\"column\" data-e-type=\"column\">\n\t\t\t<div class=\"elementor-widget-wrap elementor-element-populated\">\n\t\t\t\t\t\t<div class=\"elementor-element elementor-element-52d4067 elementor-widget elementor-widget-text-editor\" data-id=\"52d4067\" data-element_type=\"widget\" data-e-type=\"widget\" data-widget_type=\"text-editor.default\">\n\t\t\t\t<div class=\"elementor-widget-container\">\n\t\t\t\t\t\t\t\t\t<h2 class=\"p1\"><span class=\"s1\">Betalingsbetingelser<\/span><\/h2><p>Faktura for r\u00e5dgivningsopgaver eller virksomhedskursus fremsendes umiddelbart efter tilmeldingen eller bestilling. Denne stiles til den faktureringsadresse, som er oplyst ved tilmeldingen. Betalingsfrist er 14 dage netto. Og skal v\u00e6re betalt senest 30 dage f\u00f8r arrangementets afholdelse.<\/p><p>Tilmelding inden for de 30 dage, f\u00f8r arrangementets afholdelse, betales i henhold til aftalte dato.<\/p><p>Ved manglende betaling beregnes rente med 1,5% pr. p\u00e5begyndt m\u00e5ned. Herudover p\u00e5l\u00e6gges et rykkergebyr p\u00e5 kr. 100 ved for sen betaling.<\/p>\t\t\t\t\t\t\t\t<\/div>\n\t\t\t\t<\/div>\n\t\t\t\t<div class=\"elementor-element elementor-element-e64f80b elementor-widget elementor-widget-text-editor\" data-id=\"e64f80b\" data-element_type=\"widget\" data-e-type=\"widget\" data-widget_type=\"text-editor.default\">\n\t\t\t\t<div class=\"elementor-widget-container\">\n\t\t\t\t\t\t\t\t\t<ul><li class=\"p1\"><span class=\"s1\">Framelding<\/span><\/li><\/ul><p class=\"p2\"><span class=\"s1\">I forbindelse med framelding til webinar, kurser eller aflysning af firmakurser g\u00e6lder f\u00f8lgende: <\/span><\/p><ul><li><span class=\"s1\">Afbestilling mere end 90 dage f\u00f8r arrangementets afholdelse kan foreg\u00e5 uden beregning.<\/span><\/li><li class=\"li2\"><span class=\"s1\">Afbestilling mere end 30 dage f\u00f8r arrangementets afholdelse kan foreg\u00e5 ved samtidig afholdelse af 50% af det aftalte honorar.<\/span><\/li><li class=\"li2\"><span class=\"s1\">Afbestilling mindre end 30 dage f\u00f8r arrangementets afholdelse kan foreg\u00e5 ved samtidig betaling af <\/span>hele det aftalte honorar.<\/li><\/ul><p class=\"p1\"><span class=\"s1\">Er der blevet udleveret kursusmaterialer og b\u00f8ger ved framelding af kurset, faktureres der for disse. Dog krediteres kursusbel\u00f8bet iht. ovenst\u00e5ende retningslinjer.<\/span><\/p><p><span class=\"s1\">K\u00f8b af E-L\u00e6ring kan ikke annulleres, da kursisten med det samme f\u00e5r adgang til sit kursus.<\/span><\/p><p class=\"p1\"><span class=\"s1\">Framelding foreg\u00e5r skriftligt via e-mail til\u00a0<strong><a href=\"mailto:kontakt@playyourtalent.com\"><span class=\"s2\">kontakt@playyourtalent.com<\/span><\/a>.<\/strong><\/span><\/p><p class=\"p1\"><span class=\"s1\">Ved udeblivelse \u2013 uanset \u00e5rsag \u2013 refunderes kursusbel\u00f8bet ikke.<\/span><\/p>\t\t\t\t\t\t\t\t<\/div>\n\t\t\t\t<\/div>\n\t\t\t\t\t<\/div>\n\t\t<\/div>\n\t\t\t\t\t<\/div>\n\t\t<\/section>\n\t\t\t\t<section class=\"elementor-section elementor-top-section elementor-element elementor-element-e8da59f elementor-section-boxed elementor-section-height-default elementor-section-height-default\" data-id=\"e8da59f\" data-element_type=\"section\" data-e-type=\"section\">\n\t\t\t\t\t\t<div class=\"elementor-container elementor-column-gap-default\">\n\t\t\t\t\t<div class=\"elementor-column elementor-col-100 elementor-top-column elementor-element elementor-element-fc4ec8f\" data-id=\"fc4ec8f\" data-element_type=\"column\" data-e-type=\"column\">\n\t\t\t<div class=\"elementor-widget-wrap elementor-element-populated\">\n\t\t\t\t\t\t<div class=\"elementor-element elementor-element-f1d0ffc elementor-widget elementor-widget-spacer\" data-id=\"f1d0ffc\" data-element_type=\"widget\" data-e-type=\"widget\" data-widget_type=\"spacer.default\">\n\t\t\t\t<div class=\"elementor-widget-container\">\n\t\t\t\t\t\t\t<div class=\"elementor-spacer\">\n\t\t\t<div class=\"elementor-spacer-inner\"><\/div>\n\t\t<\/div>\n\t\t\t\t\t\t<\/div>\n\t\t\t\t<\/div>\n\t\t\t\t\t<\/div>\n\t\t<\/div>\n\t\t\t\t\t<\/div>\n\t\t<\/section>\n\t\t\t\t<\/div>\n\t\t","protected":false},"excerpt":{"rendered":"<p>Handelsbetingelser Disse forretningsbetingelser g\u00e6lder for alt salg af kurser, konferencer, medlemskaber og webinarer fra Play Your Talents\u00a0 hjemmeside, www.playyourtalent.com. Forretningstransaktioner er reguleret af markedsf\u00f8ringsloven, persondataloven, e-handelsloven og kreditk\u00f8bsloven. Tilmelding til [&hellip;]<\/p>\n","protected":false},"author":21032123,"featured_media":0,"parent":0,"menu_order":0,"comment_status":"closed","ping_status":"closed","template":"elementor_header_footer","meta":{"content-type":"","inline_featured_image":false,"footnotes":""},"class_list":["post-17862","page","type-page","status-publish","hentry"],"_links":{"self":[{"href":"https:\/\/www.playyourtalent.com\/da\/wp-json\/wp\/v2\/pages\/17862","targetHints":{"allow":["GET"]}}],"collection":[{"href":"https:\/\/www.playyourtalent.com\/da\/wp-json\/wp\/v2\/pages"}],"about":[{"href":"https:\/\/www.playyourtalent.com\/da\/wp-json\/wp\/v2\/types\/page"}],"author":[{"embeddable":true,"href":"https:\/\/www.playyourtalent.com\/da\/wp-json\/wp\/v2\/users\/21032123"}],"replies":[{"embeddable":true,"href":"https:\/\/www.playyourtalent.com\/da\/wp-json\/wp\/v2\/comments?post=17862"}],"version-history":[{"count":13,"href":"https:\/\/www.playyourtalent.com\/da\/wp-json\/wp\/v2\/pages\/17862\/revisions"}],"predecessor-version":[{"id":21173,"href":"https:\/\/www.playyourtalent.com\/da\/wp-json\/wp\/v2\/pages\/17862\/revisions\/21173"}],"wp:attachment":[{"href":"https:\/\/www.playyourtalent.com\/da\/wp-json\/wp\/v2\/media?parent=17862"}],"curies":[{"name":"wp","href":"https:\/\/api.w.org\/{rel}","templated":true}]}}