{"id":17700,"date":"2024-01-31T16:43:51","date_gmt":"2024-01-31T15:43:51","guid":{"rendered":"https:\/\/www.playyourtalent.com\/?page_id=17700"},"modified":"2025-04-28T14:18:16","modified_gmt":"2025-04-28T12:18:16","slug":"kend-din-kollega","status":"publish","type":"page","link":"https:\/\/www.playyourtalent.com\/da\/kend-din-kollega\/","title":{"rendered":"Kend din kollega"},"content":{"rendered":"\t\t<div data-elementor-type=\"wp-page\" data-elementor-id=\"17700\" class=\"elementor elementor-17700 elementor-14433\" data-elementor-post-type=\"page\">\n\t\t\t\t<div class=\"elementor-element elementor-element-10aac647 e-con-full e-flex e-con e-parent\" data-id=\"10aac647\" data-element_type=\"container\" data-e-type=\"container\" data-settings=\"{&quot;background_background&quot;:&quot;classic&quot;}\">\n\t\t<div class=\"elementor-element elementor-element-1843b708 e-flex e-con-boxed e-con e-child\" data-id=\"1843b708\" data-element_type=\"container\" data-e-type=\"container\">\n\t\t\t\t\t<div class=\"e-con-inner\">\n\t\t<div class=\"elementor-element elementor-element-44048c99 e-con-full e-flex e-con e-child\" data-id=\"44048c99\" data-element_type=\"container\" data-e-type=\"container\">\n\t\t\t\t<div class=\"elementor-element elementor-element-44635cb7 elementor-widget elementor-widget-heading\" data-id=\"44635cb7\" data-element_type=\"widget\" data-e-type=\"widget\" data-widget_type=\"heading.default\">\n\t\t\t\t<div class=\"elementor-widget-container\">\n\t\t\t\t\t<span class=\"elementor-heading-title elementor-size-default\">L\u00f8ft samarbejdet med<\/span>\t\t\t\t<\/div>\n\t\t\t\t<\/div>\n\t\t\t\t<div class=\"elementor-element elementor-element-762dffb7 elementor-widget elementor-widget-heading\" data-id=\"762dffb7\" data-element_type=\"widget\" data-e-type=\"widget\" data-widget_type=\"heading.default\">\n\t\t\t\t<div class=\"elementor-widget-container\">\n\t\t\t\t\t<h1 class=\"elementor-heading-title elementor-size-default\">Kend din kollega programmet<\/h1>\t\t\t\t<\/div>\n\t\t\t\t<\/div>\n\t\t\t\t<div class=\"elementor-element elementor-element-702c7a1c elementor-widget elementor-widget-text-editor\" data-id=\"702c7a1c\" data-element_type=\"widget\" data-e-type=\"widget\" data-widget_type=\"text-editor.default\">\n\t\t\t\t<div class=\"elementor-widget-container\">\n\t\t\t\t\t\t\t\t\t<p>Et simpelt, sjovt spil, der hj\u00e6lper teams med at l\u00e6re hinanden bedre at kende og skabe st\u00e6rkere relationer p\u00e5 arbejdspladsen.<\/p>\t\t\t\t\t\t\t\t<\/div>\n\t\t\t\t<\/div>\n\t\t\t\t<div class=\"elementor-element elementor-element-71952efc elementor-widget elementor-widget-button\" data-id=\"71952efc\" data-element_type=\"widget\" data-e-type=\"widget\" data-widget_type=\"button.default\">\n\t\t\t\t<div class=\"elementor-widget-container\">\n\t\t\t\t\t\t\t\t\t<div class=\"elementor-button-wrapper\">\n\t\t\t\t\t<a class=\"elementor-button elementor-button-link elementor-size-sm\" href=\"#ctaFooter\">\n\t\t\t\t\t\t<span class=\"elementor-button-content-wrapper\">\n\t\t\t\t\t\t\t\t\t<span class=\"elementor-button-text\">Book en demo<\/span>\n\t\t\t\t\t<\/span>\n\t\t\t\t\t<\/a>\n\t\t\t\t<\/div>\n\t\t\t\t\t\t\t\t<\/div>\n\t\t\t\t<\/div>\n\t\t\t\t<\/div>\n\t\t<div class=\"elementor-element elementor-element-bace3ba e-con-full e-flex e-con e-child\" data-id=\"bace3ba\" data-element_type=\"container\" data-e-type=\"container\">\n\t\t\t\t<div class=\"elementor-element elementor-element-6425d843 elementor-widget elementor-widget-image\" data-id=\"6425d843\" data-element_type=\"widget\" data-e-type=\"widget\" data-widget_type=\"image.default\">\n\t\t\t\t<div class=\"elementor-widget-container\">\n\t\t\t\t\t\t\t\t\t\t\t\t\t\t\t<img fetchpriority=\"high\" decoding=\"async\" width=\"700\" height=\"450\" src=\"https:\/\/www.playyourtalent.com\/wp-content\/uploads\/2024\/01\/Kend-din-kollega_screenshots.png\" class=\"attachment-full size-full wp-image-17489\" alt=\"\" srcset=\"https:\/\/www.playyourtalent.com\/wp-content\/uploads\/2024\/01\/Kend-din-kollega_screenshots.png 700w, https:\/\/www.playyourtalent.com\/wp-content\/uploads\/2024\/01\/Kend-din-kollega_screenshots-300x193.png 300w, https:\/\/www.playyourtalent.com\/wp-content\/uploads\/2024\/01\/Kend-din-kollega_screenshots-600x386.png 600w\" sizes=\"(max-width: 700px) 100vw, 700px\" \/>\t\t\t\t\t\t\t\t\t\t\t\t\t\t\t<\/div>\n\t\t\t\t<\/div>\n\t\t\t\t<\/div>\n\t\t\t\t\t<\/div>\n\t\t\t\t<\/div>\n\t\t\t\t<\/div>\n\t\t<div class=\"elementor-element elementor-element-68c0452a e-flex e-con-boxed e-con e-parent\" data-id=\"68c0452a\" data-element_type=\"container\" data-e-type=\"container\" data-settings=\"{&quot;background_background&quot;:&quot;classic&quot;}\">\n\t\t\t\t\t<div class=\"e-con-inner\">\n\t\t<div class=\"elementor-element elementor-element-53886e73 e-con-full e-flex e-con e-child\" data-id=\"53886e73\" data-element_type=\"container\" data-e-type=\"container\" id=\"companySectionStress\">\n\t\t<div class=\"elementor-element elementor-element-2ab3dc21 e-con-full e-flex e-con e-child\" data-id=\"2ab3dc21\" data-element_type=\"container\" data-e-type=\"container\" data-settings=\"{&quot;motion_fx_motion_fx_scrolling&quot;:&quot;yes&quot;,&quot;motion_fx_devices&quot;:[&quot;desktop&quot;,&quot;tablet&quot;,&quot;mobile&quot;]}\">\n\t\t\t\t<div class=\"elementor-element elementor-element-215ce44b elementor-widget elementor-widget-heading\" data-id=\"215ce44b\" data-element_type=\"widget\" data-e-type=\"widget\" data-widget_type=\"heading.default\">\n\t\t\t\t<div class=\"elementor-widget-container\">\n\t\t\t\t\t<h3 class=\"elementor-heading-title elementor-size-default\">Kend din kollega<\/h3>\t\t\t\t<\/div>\n\t\t\t\t<\/div>\n\t\t\t\t<div class=\"elementor-element elementor-element-4416d5df elementor-widget elementor-widget-text-editor\" data-id=\"4416d5df\" data-element_type=\"widget\" data-e-type=\"widget\" data-widget_type=\"text-editor.default\">\n\t\t\t\t<div class=\"elementor-widget-container\">\n\t\t\t\t\t\t\t\t\t<p>\u201cKend din Kollega\u201d er et skr\u00e6ddersyet program, der styrker team samarbejde, ved at facilitere\u00a0en dybere forst\u00e5else af individuelle motivationer og styrker.<\/p><p>Med programmet kan man let dele sin talentprofil samt sine \u201ddo\u2019s &amp; don\u2019ts\u201d med hinanden.<\/p><p>Med denne viden kan man skabe en styrket dialog og konkret forst\u00e5else for hinandens motivations faktorer, l\u00e6re at forst\u00e5 hinandens adf\u00e6rd og tr\u00e6kke p\u00e5 hinandens unikke kompetencer, for at opn\u00e5 endnu bedre effektivtet i\u00a0 samarbejdet og have succes i at opn\u00e5 f\u00e6lles m\u00e5l.<\/p><p>Gennem denne dybere forst\u00e5else af hinanden opst\u00e5r ikke kun en atmosf\u00e6re af samarbejde, men ogs\u00e5 en anerkendelse af diversiteten hos hinanden.<\/p>\t\t\t\t\t\t\t\t<\/div>\n\t\t\t\t<\/div>\n\t\t\t\t<div class=\"elementor-element elementor-element-50843aad elementor-widget elementor-widget-button\" data-id=\"50843aad\" data-element_type=\"widget\" data-e-type=\"widget\" data-widget_type=\"button.default\">\n\t\t\t\t<div class=\"elementor-widget-container\">\n\t\t\t\t\t\t\t\t\t<div class=\"elementor-button-wrapper\">\n\t\t\t\t\t<a class=\"elementor-button elementor-button-link elementor-size-sm\" href=\"#ctaFooter\">\n\t\t\t\t\t\t<span class=\"elementor-button-content-wrapper\">\n\t\t\t\t\t\t\t\t\t<span class=\"elementor-button-text\">H\u00f8r mere<\/span>\n\t\t\t\t\t<\/span>\n\t\t\t\t\t<\/a>\n\t\t\t\t<\/div>\n\t\t\t\t\t\t\t\t<\/div>\n\t\t\t\t<\/div>\n\t\t\t\t<\/div>\n\t\t<div class=\"elementor-element elementor-element-117137b3 e-con-full elementor-hidden-tablet elementor-hidden-mobile e-flex e-con e-child\" data-id=\"117137b3\" data-element_type=\"container\" data-e-type=\"container\">\n\t\t\t\t<div class=\"elementor-element elementor-element-45d7e0ca elementor-widget__width-initial elementor-widget elementor-widget-image\" data-id=\"45d7e0ca\" data-element_type=\"widget\" data-e-type=\"widget\" data-widget_type=\"image.default\">\n\t\t\t\t<div class=\"elementor-widget-container\">\n\t\t\t\t\t\t\t\t\t\t\t\t\t\t\t<img decoding=\"async\" width=\"800\" height=\"784\" src=\"https:\/\/www.playyourtalent.com\/wp-content\/uploads\/2025\/04\/undraw_team_85hs.svg\" class=\"attachment-large size-large wp-image-20626\" alt=\"\" \/>\t\t\t\t\t\t\t\t\t\t\t\t\t\t\t<\/div>\n\t\t\t\t<\/div>\n\t\t\t\t<\/div>\n\t\t\t\t<\/div>\n\t\t<div class=\"elementor-element elementor-element-450d187f e-con-full e-flex e-con e-child\" data-id=\"450d187f\" data-element_type=\"container\" data-e-type=\"container\">\n\t\t<div class=\"elementor-element elementor-element-32c7a9c4 e-con-full elementor-hidden-tablet elementor-hidden-mobile e-flex e-con e-child\" data-id=\"32c7a9c4\" data-element_type=\"container\" data-e-type=\"container\">\n\t\t\t\t<div class=\"elementor-element elementor-element-19e80c4f elementor-widget__width-initial elementor-widget elementor-widget-image\" data-id=\"19e80c4f\" data-element_type=\"widget\" data-e-type=\"widget\" data-widget_type=\"image.default\">\n\t\t\t\t<div class=\"elementor-widget-container\">\n\t\t\t\t\t\t\t\t\t\t\t\t\t\t\t<img decoding=\"async\" width=\"800\" height=\"419\" src=\"https:\/\/www.playyourtalent.com\/wp-content\/uploads\/2025\/01\/undraw_reviewed-docs_g0cg.svg\" class=\"attachment-large size-large wp-image-19541\" alt=\"\" \/>\t\t\t\t\t\t\t\t\t\t\t\t\t\t\t<\/div>\n\t\t\t\t<\/div>\n\t\t\t\t<\/div>\n\t\t<div class=\"elementor-element elementor-element-4d0ecd12 e-con-full e-flex e-con e-child\" data-id=\"4d0ecd12\" data-element_type=\"container\" data-e-type=\"container\">\n\t\t\t\t<div class=\"elementor-element elementor-element-75e33500 elementor-widget elementor-widget-heading\" data-id=\"75e33500\" data-element_type=\"widget\" data-e-type=\"widget\" data-widget_type=\"heading.default\">\n\t\t\t\t<div class=\"elementor-widget-container\">\n\t\t\t\t\t<h3 class=\"elementor-heading-title elementor-size-default\">V\u00e6rdiskabelse<\/h3>\t\t\t\t<\/div>\n\t\t\t\t<\/div>\n\t\t\t\t<div class=\"elementor-element elementor-element-2154e02b elementor-widget elementor-widget-text-editor\" data-id=\"2154e02b\" data-element_type=\"widget\" data-e-type=\"widget\" data-widget_type=\"text-editor.default\">\n\t\t\t\t<div class=\"elementor-widget-container\">\n\t\t\t\t\t\t\t\t\t<ul><li>Dybere forst\u00e5else af individuelle motivationer og styrker<\/li><li>Nem deling af talentprofiler og \u201cdo\u2019s &amp; don\u2019ts\u201d for bedre kommunikation<\/li><li>\u00c5ben dialog og gensidig forst\u00e5else for motivationsfaktorer<\/li><li>L\u00e6ring om og v\u00e6rds\u00e6ttelse af hinandens unikke kompetencer<\/li><li>Styrker samarbejdet og fremmer opn\u00e5else af f\u00e6lles m\u00e5l<\/li><li>Positiv atmosf\u00e6re af samarbejde og anerkendelse af diversitet<\/li><li>Udvikler en positiv arbejdskultur<\/li><li>Effektiv udnyttelse af teamets forskellige kompetencer<\/li><li>\u00d8ger medarbejdertilfredshed og engagement<\/li><\/ul>\t\t\t\t\t\t\t\t<\/div>\n\t\t\t\t<\/div>\n\t\t\t\t<div class=\"elementor-element elementor-element-355abdb6 elementor-widget elementor-widget-button\" data-id=\"355abdb6\" data-element_type=\"widget\" data-e-type=\"widget\" data-widget_type=\"button.default\">\n\t\t\t\t<div class=\"elementor-widget-container\">\n\t\t\t\t\t\t\t\t\t<div class=\"elementor-button-wrapper\">\n\t\t\t\t\t<a class=\"elementor-button elementor-button-link elementor-size-sm\" href=\"#ctaFooter\">\n\t\t\t\t\t\t<span class=\"elementor-button-content-wrapper\">\n\t\t\t\t\t\t\t\t\t<span class=\"elementor-button-text\">H\u00f8r mere<\/span>\n\t\t\t\t\t<\/span>\n\t\t\t\t\t<\/a>\n\t\t\t\t<\/div>\n\t\t\t\t\t\t\t\t<\/div>\n\t\t\t\t<\/div>\n\t\t\t\t<\/div>\n\t\t\t\t<\/div>\n\t\t\t\t\t<\/div>\n\t\t\t\t<\/div>\n\t\t\t\t<\/div>\n\t\t","protected":false},"excerpt":{"rendered":"<p>L\u00f8ft samarbejdet med Kend din kollega programmet Et simpelt, sjovt spil, der hj\u00e6lper teams med at l\u00e6re hinanden bedre at kende og skabe st\u00e6rkere relationer p\u00e5 arbejdspladsen. Book en demo [&hellip;]<\/p>\n","protected":false},"author":21032123,"featured_media":0,"parent":0,"menu_order":0,"comment_status":"closed","ping_status":"closed","template":"","meta":{"content-type":"","inline_featured_image":false,"footnotes":""},"class_list":["post-17700","page","type-page","status-publish","hentry"],"_links":{"self":[{"href":"https:\/\/www.playyourtalent.com\/da\/wp-json\/wp\/v2\/pages\/17700","targetHints":{"allow":["GET"]}}],"collection":[{"href":"https:\/\/www.playyourtalent.com\/da\/wp-json\/wp\/v2\/pages"}],"about":[{"href":"https:\/\/www.playyourtalent.com\/da\/wp-json\/wp\/v2\/types\/page"}],"author":[{"embeddable":true,"href":"https:\/\/www.playyourtalent.com\/da\/wp-json\/wp\/v2\/users\/21032123"}],"replies":[{"embeddable":true,"href":"https:\/\/www.playyourtalent.com\/da\/wp-json\/wp\/v2\/comments?post=17700"}],"version-history":[{"count":7,"href":"https:\/\/www.playyourtalent.com\/da\/wp-json\/wp\/v2\/pages\/17700\/revisions"}],"predecessor-version":[{"id":20630,"href":"https:\/\/www.playyourtalent.com\/da\/wp-json\/wp\/v2\/pages\/17700\/revisions\/20630"}],"wp:attachment":[{"href":"https:\/\/www.playyourtalent.com\/da\/wp-json\/wp\/v2\/media?parent=17700"}],"curies":[{"name":"wp","href":"https:\/\/api.w.org\/{rel}","templated":true}]}}