{"id":17687,"date":"2022-09-02T12:54:23","date_gmt":"2022-09-02T10:54:23","guid":{"rendered":"https:\/\/www.playyourtalent.com\/?page_id=17687"},"modified":"2025-04-28T13:32:30","modified_gmt":"2025-04-28T11:32:30","slug":"play-your-strategy","status":"publish","type":"page","link":"https:\/\/www.playyourtalent.com\/da\/play-your-strategy\/","title":{"rendered":"Play Your Strategy"},"content":{"rendered":"\t\t<div data-elementor-type=\"wp-post\" data-elementor-id=\"17687\" class=\"elementor elementor-17687 elementor-9566\" data-elementor-post-type=\"page\">\n\t\t\t\t<div class=\"elementor-element elementor-element-7c3552b4 e-con-full e-flex e-con e-parent\" data-id=\"7c3552b4\" data-element_type=\"container\" data-e-type=\"container\" data-settings=\"{&quot;background_background&quot;:&quot;classic&quot;}\">\n\t\t<div class=\"elementor-element elementor-element-9922ff e-flex e-con-boxed e-con e-child\" data-id=\"9922ff\" data-element_type=\"container\" data-e-type=\"container\">\n\t\t\t\t\t<div class=\"e-con-inner\">\n\t\t<div class=\"elementor-element elementor-element-361e508b e-con-full e-flex e-con e-child\" data-id=\"361e508b\" data-element_type=\"container\" data-e-type=\"container\">\n\t\t\t\t<div class=\"elementor-element elementor-element-66c969cc elementor-widget elementor-widget-heading\" data-id=\"66c969cc\" data-element_type=\"widget\" data-e-type=\"widget\" data-widget_type=\"heading.default\">\n\t\t\t\t<div class=\"elementor-widget-container\">\n\t\t\t\t\t<span class=\"elementor-heading-title elementor-size-default\">Ny innovativ digitalt l\u00f8sning til at implementere strategier: \n<\/span>\t\t\t\t<\/div>\n\t\t\t\t<\/div>\n\t\t\t\t<div class=\"elementor-element elementor-element-5c7afe61 elementor-widget elementor-widget-heading\" data-id=\"5c7afe61\" data-element_type=\"widget\" data-e-type=\"widget\" data-widget_type=\"heading.default\">\n\t\t\t\t<div class=\"elementor-widget-container\">\n\t\t\t\t\t<h1 class=\"elementor-heading-title elementor-size-default\">Play Your Strategy<\/h1>\t\t\t\t<\/div>\n\t\t\t\t<\/div>\n\t\t\t\t<div class=\"elementor-element elementor-element-7b93d249 elementor-widget elementor-widget-text-editor\" data-id=\"7b93d249\" data-element_type=\"widget\" data-e-type=\"widget\" data-widget_type=\"text-editor.default\">\n\t\t\t\t<div class=\"elementor-widget-container\">\n\t\t\t\t\t\t\t\t\t<p>Play Your Strategy g\u00f8r det let at oms\u00e6tte strategi til handling gennem en engagerende app baseret p\u00e5 gamification.<\/p>\t\t\t\t\t\t\t\t<\/div>\n\t\t\t\t<\/div>\n\t\t\t\t<div class=\"elementor-element elementor-element-710500b elementor-widget elementor-widget-button\" data-id=\"710500b\" data-element_type=\"widget\" data-e-type=\"widget\" data-widget_type=\"button.default\">\n\t\t\t\t<div class=\"elementor-widget-container\">\n\t\t\t\t\t\t\t\t\t<div class=\"elementor-button-wrapper\">\n\t\t\t\t\t<a class=\"elementor-button elementor-button-link elementor-size-sm\" href=\"#ctaFooter\">\n\t\t\t\t\t\t<span class=\"elementor-button-content-wrapper\">\n\t\t\t\t\t\t\t\t\t<span class=\"elementor-button-text\">Book en demo<\/span>\n\t\t\t\t\t<\/span>\n\t\t\t\t\t<\/a>\n\t\t\t\t<\/div>\n\t\t\t\t\t\t\t\t<\/div>\n\t\t\t\t<\/div>\n\t\t\t\t<\/div>\n\t\t<div class=\"elementor-element elementor-element-63325074 e-con-full e-flex e-con e-child\" data-id=\"63325074\" data-element_type=\"container\" data-e-type=\"container\">\n\t\t\t\t<div class=\"elementor-element elementor-element-7a16a331 elementor-widget elementor-widget-image\" data-id=\"7a16a331\" data-element_type=\"widget\" data-e-type=\"widget\" data-widget_type=\"image.default\">\n\t\t\t\t<div class=\"elementor-widget-container\">\n\t\t\t\t\t\t\t\t\t\t\t\t\t\t\t<img decoding=\"async\" src=\"https:\/\/www.playyourtalent.com\/wp-content\/uploads\/elementor\/thumbs\/PYS_mobile-q2skb0joxt4qk1dx1f3nzfnh8yp89pr4sx3phbi39c.png\" title=\"PYS_mobile\" alt=\"PYS_mobile\" loading=\"lazy\" \/>\t\t\t\t\t\t\t\t\t\t\t\t\t\t\t<\/div>\n\t\t\t\t<\/div>\n\t\t\t\t<\/div>\n\t\t\t\t\t<\/div>\n\t\t\t\t<\/div>\n\t\t\t\t<\/div>\n\t\t\t\t<section class=\"elementor-section elementor-top-section elementor-element elementor-element-ca28ad9 elementor-section-boxed elementor-section-height-default elementor-section-height-default\" data-id=\"ca28ad9\" data-element_type=\"section\" data-e-type=\"section\" data-settings=\"{&quot;background_background&quot;:&quot;classic&quot;}\">\n\t\t\t\t\t\t<div class=\"elementor-container elementor-column-gap-default\">\n\t\t\t\t\t<div class=\"elementor-column elementor-col-100 elementor-top-column elementor-element elementor-element-588f010\" data-id=\"588f010\" data-element_type=\"column\" data-e-type=\"column\">\n\t\t\t<div class=\"elementor-widget-wrap elementor-element-populated\">\n\t\t\t\t\t\t<div class=\"elementor-element elementor-element-6605b5e elementor-widget elementor-widget-heading\" data-id=\"6605b5e\" data-element_type=\"widget\" data-e-type=\"widget\" data-widget_type=\"heading.default\">\n\t\t\t\t<div class=\"elementor-widget-container\">\n\t\t\t\t\t<h3 class=\"elementor-heading-title elementor-size-large\">Ny innovativ digitalt l\u00f8sning til at implementere strategier: <\/br>\nPlay your strategy<\/h3>\t\t\t\t<\/div>\n\t\t\t\t<\/div>\n\t\t\t\t<div class=\"elementor-element elementor-element-38c0cac elementor-widget elementor-widget-text-editor\" data-id=\"38c0cac\" data-element_type=\"widget\" data-e-type=\"widget\" data-widget_type=\"text-editor.default\">\n\t\t\t\t<div class=\"elementor-widget-container\">\n\t\t\t\t\t\t\t\t\t<p>Har du oplevet udfordringer med at implementerer strategier? <br \/>Ofte fejler implementeringen af strategierne, fordi vi mangler at definere den konkrete adf\u00e6rd til, hvordan strategien skal udf\u00f8res i hverdagen.\u00a0\u00a0<\/p><div><p>Play Your Strategy er en nem og innovativ digital l\u00f8sning\u00a0<span style=\"color: var( --e-global-color-efc80bf );\">baseret p\u00e5 gamification\u00a0<\/span><span style=\"color: var( --e-global-color-efc80bf );\">til at skabe den \u00f8nskede adf\u00e6rd og et \u00f8get engagement for at implementeringen af strategien lykkedes.\u00a0<\/span><\/p><div>Play Your strategy er en APP, hvor man nemt kan inds\u00e6tte sine strategiske indsatser og p\u00e5 bare f\u00e5 klik \u201donborde\u201d alle medarbejdere til at engagere sig i strategien.\u00a0<\/div><\/div>\t\t\t\t\t\t\t\t<\/div>\n\t\t\t\t<\/div>\n\t\t\t\t\t<\/div>\n\t\t<\/div>\n\t\t\t\t\t<\/div>\n\t\t<\/section>\n\t\t<div class=\"elementor-element elementor-element-78119939 e-flex e-con-boxed e-con e-parent\" data-id=\"78119939\" data-element_type=\"container\" data-e-type=\"container\" data-settings=\"{&quot;background_background&quot;:&quot;classic&quot;}\">\n\t\t\t\t\t<div class=\"e-con-inner\">\n\t\t<div class=\"elementor-element elementor-element-78a42cbb e-con-full e-flex e-con e-child\" data-id=\"78a42cbb\" data-element_type=\"container\" data-e-type=\"container\" id=\"companySectionStress\">\n\t\t<div class=\"elementor-element elementor-element-216cfc01 e-con-full e-flex e-con e-child\" data-id=\"216cfc01\" data-element_type=\"container\" data-e-type=\"container\" data-settings=\"{&quot;motion_fx_motion_fx_scrolling&quot;:&quot;yes&quot;,&quot;motion_fx_devices&quot;:[&quot;desktop&quot;,&quot;tablet&quot;,&quot;mobile&quot;]}\">\n\t\t\t\t<div class=\"elementor-element elementor-element-771b2b77 elementor-widget elementor-widget-heading\" data-id=\"771b2b77\" data-element_type=\"widget\" data-e-type=\"widget\" data-widget_type=\"heading.default\">\n\t\t\t\t<div class=\"elementor-widget-container\">\n\t\t\t\t\t<h3 class=\"elementor-heading-title elementor-size-default\">Strategier fejler ofte i hverdagen.<\/h3>\t\t\t\t<\/div>\n\t\t\t\t<\/div>\n\t\t\t\t<div class=\"elementor-element elementor-element-58c0c112 elementor-widget elementor-widget-text-editor\" data-id=\"58c0c112\" data-element_type=\"widget\" data-e-type=\"widget\" data-widget_type=\"text-editor.default\">\n\t\t\t\t<div class=\"elementor-widget-container\">\n\t\t\t\t\t\t\t\t\t<ul><li><p>Har du oplevet udfordringer med at implementerer strategier? <br \/>Ofte fejler implementeringen af strategierne, fordi vi mangler at definere den konkrete adf\u00e6rd til, hvordan strategien skal udf\u00f8res i hverdagen.\u00a0\u00a0<\/p><div><p>Play Your Strategy er en nem og innovativ digital l\u00f8sning\u00a0baseret p\u00e5 gamification\u00a0til at skabe den \u00f8nskede adf\u00e6rd og et \u00f8get engagement for at implementeringen af strategien lykkedes.\u00a0<\/p><div>Play Your strategy er en APP, hvor man nemt kan inds\u00e6tte sine strategiske indsatser og p\u00e5 bare f\u00e5 klik \u201donborde\u201d alle medarbejdere til at engagere sig i strategien.\u00a0<\/div><\/div><\/li><\/ul>\t\t\t\t\t\t\t\t<\/div>\n\t\t\t\t<\/div>\n\t\t\t\t<div class=\"elementor-element elementor-element-2bed74f elementor-widget elementor-widget-button\" data-id=\"2bed74f\" data-element_type=\"widget\" data-e-type=\"widget\" data-widget_type=\"button.default\">\n\t\t\t\t<div class=\"elementor-widget-container\">\n\t\t\t\t\t\t\t\t\t<div class=\"elementor-button-wrapper\">\n\t\t\t\t\t<a class=\"elementor-button elementor-button-link elementor-size-sm\" href=\"#ctaFooter\">\n\t\t\t\t\t\t<span class=\"elementor-button-content-wrapper\">\n\t\t\t\t\t\t\t\t\t<span class=\"elementor-button-text\">H\u00f8r mere<\/span>\n\t\t\t\t\t<\/span>\n\t\t\t\t\t<\/a>\n\t\t\t\t<\/div>\n\t\t\t\t\t\t\t\t<\/div>\n\t\t\t\t<\/div>\n\t\t\t\t<\/div>\n\t\t<div class=\"elementor-element elementor-element-79606f7 e-con-full elementor-hidden-tablet elementor-hidden-mobile e-flex e-con e-child\" data-id=\"79606f7\" data-element_type=\"container\" data-e-type=\"container\">\n\t\t\t\t<div class=\"elementor-element elementor-element-717c246b elementor-widget__width-initial elementor-widget elementor-widget-image\" data-id=\"717c246b\" data-element_type=\"widget\" data-e-type=\"widget\" data-widget_type=\"image.default\">\n\t\t\t\t<div class=\"elementor-widget-container\">\n\t\t\t\t\t\t\t\t\t\t\t\t\t\t\t<img fetchpriority=\"high\" decoding=\"async\" width=\"800\" height=\"457\" src=\"https:\/\/www.playyourtalent.com\/wp-content\/uploads\/2025\/01\/undraw_genius_g3jn.svg\" class=\"attachment-large size-large wp-image-19561\" alt=\"\" \/>\t\t\t\t\t\t\t\t\t\t\t\t\t\t\t<\/div>\n\t\t\t\t<\/div>\n\t\t\t\t<\/div>\n\t\t\t\t<\/div>\n\t\t\t\t\t<\/div>\n\t\t\t\t<\/div>\n\t\t<div class=\"elementor-element elementor-element-3332fcf e-flex e-con-boxed e-con e-parent\" data-id=\"3332fcf\" data-element_type=\"container\" data-e-type=\"container\" data-settings=\"{&quot;background_background&quot;:&quot;classic&quot;}\">\n\t\t\t\t\t<div class=\"e-con-inner\">\n\t\t<div class=\"elementor-element elementor-element-44224440 e-con-full e-flex e-con e-child\" data-id=\"44224440\" data-element_type=\"container\" data-e-type=\"container\">\n\t\t<div class=\"elementor-element elementor-element-522ab075 e-con-full e-flex e-con e-child\" data-id=\"522ab075\" data-element_type=\"container\" data-e-type=\"container\">\n\t\t\t\t<div class=\"elementor-element elementor-element-5616991a elementor-widget elementor-widget-heading\" data-id=\"5616991a\" data-element_type=\"widget\" data-e-type=\"widget\" data-widget_type=\"heading.default\">\n\t\t\t\t<div class=\"elementor-widget-container\">\n\t\t\t\t\t<h2 class=\"elementor-heading-title elementor-size-default\">S\u00e5dan fungerer programmet<\/h2>\t\t\t\t<\/div>\n\t\t\t\t<\/div>\n\t\t\t\t<div class=\"elementor-element elementor-element-6735d518 elementor-widget elementor-widget-text-editor\" data-id=\"6735d518\" data-element_type=\"widget\" data-e-type=\"widget\" data-widget_type=\"text-editor.default\">\n\t\t\t\t<div class=\"elementor-widget-container\">\n\t\t\t\t\t\t\t\t\t<ul><li>Du opretter en administrator profil<\/li><li>Du indtaster de strategiske hovedm\u00e5l\/team m\u00e5l i appen<\/li><li>Du s\u00e6tter din \u00f8nskede indsats for m\u00e5let<\/li><li>Du v\u00e6lger de afdelinger og teams, der er relevante<\/li><li>Medarbejdere committer sig til strategien ud fra deres motivation<\/li><li>Appen f\u00f8lger op og \u201dnudger\u201d challenges\/adf\u00e6rden<\/li><li>Statistik og performance kan ses med det samme<\/li><\/ul>\t\t\t\t\t\t\t\t<\/div>\n\t\t\t\t<\/div>\n\t\t\t\t<\/div>\n\t\t<div class=\"elementor-element elementor-element-2c7be640 e-con-full e-flex e-con e-child\" data-id=\"2c7be640\" data-element_type=\"container\" data-e-type=\"container\">\n\t\t\t\t<div class=\"elementor-element elementor-element-be0edde elementor-widget elementor-widget-image\" data-id=\"be0edde\" data-element_type=\"widget\" data-e-type=\"widget\" data-widget_type=\"image.default\">\n\t\t\t\t<div class=\"elementor-widget-container\">\n\t\t\t\t\t\t\t\t\t\t\t\t\t\t\t<img decoding=\"async\" width=\"674\" height=\"430\" src=\"https:\/\/www.playyourtalent.com\/wp-content\/uploads\/2022\/09\/Skaermbillede-2022-09-01-kl.-15.35.55-1.png\" class=\"attachment-large size-large wp-image-16935\" alt=\"\" srcset=\"https:\/\/www.playyourtalent.com\/wp-content\/uploads\/2022\/09\/Skaermbillede-2022-09-01-kl.-15.35.55-1.png 674w, https:\/\/www.playyourtalent.com\/wp-content\/uploads\/2022\/09\/Skaermbillede-2022-09-01-kl.-15.35.55-1-600x383.png 600w, https:\/\/www.playyourtalent.com\/wp-content\/uploads\/2022\/09\/Skaermbillede-2022-09-01-kl.-15.35.55-1-300x191.png 300w, https:\/\/www.playyourtalent.com\/wp-content\/uploads\/2022\/09\/Skaermbillede-2022-09-01-kl.-15.35.55-1-560x357.png 560w\" sizes=\"(max-width: 674px) 100vw, 674px\" \/>\t\t\t\t\t\t\t\t\t\t\t\t\t\t\t<\/div>\n\t\t\t\t<\/div>\n\t\t\t\t<\/div>\n\t\t\t\t<\/div>\n\t\t\t\t\t<\/div>\n\t\t\t\t<\/div>\n\t\t\t\t<section class=\"elementor-section elementor-top-section elementor-element elementor-element-dd412a6 elementor-section-boxed elementor-section-height-default elementor-section-height-default\" data-id=\"dd412a6\" data-element_type=\"section\" data-e-type=\"section\">\n\t\t\t\t\t\t<div class=\"elementor-container elementor-column-gap-default\">\n\t\t\t\t\t<div class=\"elementor-column elementor-col-100 elementor-top-column elementor-element elementor-element-77cc8e7\" data-id=\"77cc8e7\" data-element_type=\"column\" data-e-type=\"column\">\n\t\t\t<div class=\"elementor-widget-wrap elementor-element-populated\">\n\t\t\t\t\t\t<div class=\"elementor-element elementor-element-c8a27e0 elementor-widget elementor-widget-spacer\" data-id=\"c8a27e0\" data-element_type=\"widget\" data-e-type=\"widget\" data-widget_type=\"spacer.default\">\n\t\t\t\t<div class=\"elementor-widget-container\">\n\t\t\t\t\t\t\t<div class=\"elementor-spacer\">\n\t\t\t<div class=\"elementor-spacer-inner\"><\/div>\n\t\t<\/div>\n\t\t\t\t\t\t<\/div>\n\t\t\t\t<\/div>\n\t\t\t\t\t<\/div>\n\t\t<\/div>\n\t\t\t\t\t<\/div>\n\t\t<\/section>\n\t\t<div class=\"elementor-element elementor-element-f8e2d3f e-flex e-con-boxed e-con e-parent\" data-id=\"f8e2d3f\" data-element_type=\"container\" data-e-type=\"container\" data-settings=\"{&quot;background_background&quot;:&quot;classic&quot;}\">\n\t\t\t\t\t<div class=\"e-con-inner\">\n\t\t<div class=\"elementor-element elementor-element-e489107 e-con-full e-flex e-con e-child\" data-id=\"e489107\" data-element_type=\"container\" data-e-type=\"container\">\n\t\t<div class=\"elementor-element elementor-element-e85a940 e-con-full elementor-hidden-tablet elementor-hidden-mobile e-flex e-con e-child\" data-id=\"e85a940\" data-element_type=\"container\" data-e-type=\"container\">\n\t\t\t\t<div class=\"elementor-element elementor-element-aeff881 elementor-widget__width-initial elementor-widget elementor-widget-image\" data-id=\"aeff881\" data-element_type=\"widget\" data-e-type=\"widget\" data-widget_type=\"image.default\">\n\t\t\t\t<div class=\"elementor-widget-container\">\n\t\t\t\t\t\t\t\t\t\t\t\t\t\t\t<img decoding=\"async\" width=\"800\" height=\"721\" src=\"https:\/\/www.playyourtalent.com\/wp-content\/uploads\/2025\/03\/undraw_apps_i78y.svg\" class=\"attachment-large size-large wp-image-20567\" alt=\"\" \/>\t\t\t\t\t\t\t\t\t\t\t\t\t\t\t<\/div>\n\t\t\t\t<\/div>\n\t\t\t\t<\/div>\n\t\t<div class=\"elementor-element elementor-element-f43471d e-con-full e-flex e-con e-child\" data-id=\"f43471d\" data-element_type=\"container\" data-e-type=\"container\" data-settings=\"{&quot;motion_fx_motion_fx_scrolling&quot;:&quot;yes&quot;,&quot;motion_fx_devices&quot;:[&quot;desktop&quot;,&quot;tablet&quot;,&quot;mobile&quot;]}\">\n\t\t\t\t<div class=\"elementor-element elementor-element-6b3d6ef elementor-widget elementor-widget-heading\" data-id=\"6b3d6ef\" data-element_type=\"widget\" data-e-type=\"widget\" data-widget_type=\"heading.default\">\n\t\t\t\t<div class=\"elementor-widget-container\">\n\t\t\t\t\t<h3 class=\"elementor-heading-title elementor-size-default\">Man kan engagere sine medarbejdere p\u00e5 2 m\u00e5der<\/h3>\t\t\t\t<\/div>\n\t\t\t\t<\/div>\n\t\t\t\t<div class=\"elementor-element elementor-element-a3c8e87 elementor-widget elementor-widget-text-editor\" data-id=\"a3c8e87\" data-element_type=\"widget\" data-e-type=\"widget\" data-widget_type=\"text-editor.default\">\n\t\t\t\t<div class=\"elementor-widget-container\">\n\t\t\t\t\t\t\t\t\t<ul><li>Sende m\u00e5let direkte ud til alle medarbejdere, der kan comitte sig og inds\u00e6tte den challenge, de vil udf\u00f8re for at opn\u00e5 m\u00e5let<\/li><li>Afholde en engagementssession, fysisk eller online.<br \/>Deltagerne skal her v\u00e6re sammen om at foresl\u00e5 og udv\u00e6lge challenges de vil udf\u00f8re for at opn\u00e5 m\u00e5let.<\/li><\/ul><p>\u00a0<\/p><p>Med Play Your Strategy f\u00e5r du en digital metode, hvor I nemt og hurtigt kan engagere, implementere og lykkes med jeres strategi.<\/p><p><strong>Vil du h\u00f8re mere og have en pr\u00e6sentation? S\u00e5 udfyld kontaktformularen nederst p\u00e5 siden.<\/strong><\/p>\t\t\t\t\t\t\t\t<\/div>\n\t\t\t\t<\/div>\n\t\t\t\t<div class=\"elementor-element elementor-element-4c35b70 elementor-widget elementor-widget-button\" data-id=\"4c35b70\" data-element_type=\"widget\" data-e-type=\"widget\" data-widget_type=\"button.default\">\n\t\t\t\t<div class=\"elementor-widget-container\">\n\t\t\t\t\t\t\t\t\t<div class=\"elementor-button-wrapper\">\n\t\t\t\t\t<a class=\"elementor-button elementor-button-link elementor-size-sm\" href=\"#ctaFooter\">\n\t\t\t\t\t\t<span class=\"elementor-button-content-wrapper\">\n\t\t\t\t\t\t\t\t\t<span class=\"elementor-button-text\">H\u00f8r mere<\/span>\n\t\t\t\t\t<\/span>\n\t\t\t\t\t<\/a>\n\t\t\t\t<\/div>\n\t\t\t\t\t\t\t\t<\/div>\n\t\t\t\t<\/div>\n\t\t\t\t<\/div>\n\t\t\t\t<\/div>\n\t\t\t\t\t<\/div>\n\t\t\t\t<\/div>\n\t\t\t\t<section class=\"elementor-section elementor-top-section elementor-element elementor-element-cfc3fd0 elementor-section-boxed elementor-section-height-default elementor-section-height-default\" data-id=\"cfc3fd0\" data-element_type=\"section\" data-e-type=\"section\">\n\t\t\t\t\t\t<div class=\"elementor-container elementor-column-gap-default\">\n\t\t\t\t\t<div class=\"elementor-column elementor-col-100 elementor-top-column elementor-element elementor-element-54baae4\" data-id=\"54baae4\" data-element_type=\"column\" data-e-type=\"column\">\n\t\t\t<div class=\"elementor-widget-wrap elementor-element-populated\">\n\t\t\t\t\t\t<section class=\"elementor-section elementor-inner-section elementor-element elementor-element-ebadc1f elementor-section-boxed elementor-section-height-default elementor-section-height-default\" data-id=\"ebadc1f\" data-element_type=\"section\" data-e-type=\"section\">\n\t\t\t\t\t\t<div class=\"elementor-container elementor-column-gap-default\">\n\t\t\t\t\t<div class=\"elementor-column elementor-col-50 elementor-inner-column elementor-element elementor-element-036e23a\" data-id=\"036e23a\" data-element_type=\"column\" data-e-type=\"column\">\n\t\t\t<div class=\"elementor-widget-wrap elementor-element-populated\">\n\t\t\t\t\t\t<div class=\"elementor-element elementor-element-6e600f7 elementor-widget elementor-widget-image\" data-id=\"6e600f7\" data-element_type=\"widget\" data-e-type=\"widget\" data-widget_type=\"image.default\">\n\t\t\t\t<div class=\"elementor-widget-container\">\n\t\t\t\t\t\t\t\t\t\t\t\t\t\t\t\t<a href=\"https:\/\/play.google.com\/store\/apps\/details?id=com.playyourtalent.playyourstrategy.test&#038;hl=en&#038;gl=US\" target=\"_blank\" rel=\"nofollow noopener\">\n\t\t\t\t\t\t\t<img loading=\"lazy\" decoding=\"async\" width=\"300\" height=\"116\" src=\"https:\/\/www.playyourtalent.com\/wp-content\/uploads\/2023\/01\/GooglePlayStore-300x116.png\" class=\"attachment-medium size-medium wp-image-17005\" alt=\"\" srcset=\"https:\/\/www.playyourtalent.com\/wp-content\/uploads\/2023\/01\/GooglePlayStore-300x116.png 300w, https:\/\/www.playyourtalent.com\/wp-content\/uploads\/2023\/01\/GooglePlayStore-600x232.png 600w, https:\/\/www.playyourtalent.com\/wp-content\/uploads\/2023\/01\/GooglePlayStore-560x217.png 560w, https:\/\/www.playyourtalent.com\/wp-content\/uploads\/2023\/01\/GooglePlayStore.png 646w\" sizes=\"(max-width: 300px) 100vw, 300px\" \/>\t\t\t\t\t\t\t\t<\/a>\n\t\t\t\t\t\t\t\t\t\t\t\t\t\t\t<\/div>\n\t\t\t\t<\/div>\n\t\t\t\t\t<\/div>\n\t\t<\/div>\n\t\t\t\t<div class=\"elementor-column elementor-col-50 elementor-inner-column elementor-element elementor-element-5493384\" data-id=\"5493384\" data-element_type=\"column\" data-e-type=\"column\">\n\t\t\t<div class=\"elementor-widget-wrap elementor-element-populated\">\n\t\t\t\t\t\t<div class=\"elementor-element elementor-element-f651c4b elementor-widget elementor-widget-image\" data-id=\"f651c4b\" data-element_type=\"widget\" data-e-type=\"widget\" data-widget_type=\"image.default\">\n\t\t\t\t<div class=\"elementor-widget-container\">\n\t\t\t\t\t\t\t\t\t\t\t\t\t\t\t\t<a href=\"https:\/\/apps.apple.com\/dk\/app\/play-your-strategy\/id1603533937\/\" target=\"_blank\" rel=\"nofollow noopener\">\n\t\t\t\t\t\t\t<img decoding=\"async\" src=\"https:\/\/www.playyourtalent.com\/wp-content\/uploads\/elementor\/thumbs\/badge-example-preferred_2x-q2skbsqumu4yaney98u58e19gdclbwk405ldd6xhc0.png\" title=\"badge-example-preferred_2x\" alt=\"badge-example-preferred_2x\" loading=\"lazy\" \/>\t\t\t\t\t\t\t\t<\/a>\n\t\t\t\t\t\t\t\t\t\t\t\t\t\t\t<\/div>\n\t\t\t\t<\/div>\n\t\t\t\t\t<\/div>\n\t\t<\/div>\n\t\t\t\t\t<\/div>\n\t\t<\/section>\n\t\t\t\t\t<\/div>\n\t\t<\/div>\n\t\t\t\t\t<\/div>\n\t\t<\/section>\n\t\t\t\t<\/div>\n\t\t","protected":false},"excerpt":{"rendered":"<p>Ny innovativ digitalt l\u00f8sning til at implementere strategier: Play Your Strategy Play Your Strategy g\u00f8r det let at oms\u00e6tte strategi til handling gennem en engagerende app baseret p\u00e5 gamification. Book [&hellip;]<\/p>\n","protected":false},"author":21032123,"featured_media":0,"parent":0,"menu_order":0,"comment_status":"closed","ping_status":"closed","template":"","meta":{"content-type":"","inline_featured_image":false,"footnotes":""},"class_list":["post-17687","page","type-page","status-publish","hentry"],"_links":{"self":[{"href":"https:\/\/www.playyourtalent.com\/da\/wp-json\/wp\/v2\/pages\/17687","targetHints":{"allow":["GET"]}}],"collection":[{"href":"https:\/\/www.playyourtalent.com\/da\/wp-json\/wp\/v2\/pages"}],"about":[{"href":"https:\/\/www.playyourtalent.com\/da\/wp-json\/wp\/v2\/types\/page"}],"author":[{"embeddable":true,"href":"https:\/\/www.playyourtalent.com\/da\/wp-json\/wp\/v2\/users\/21032123"}],"replies":[{"embeddable":true,"href":"https:\/\/www.playyourtalent.com\/da\/wp-json\/wp\/v2\/comments?post=17687"}],"version-history":[{"count":13,"href":"https:\/\/www.playyourtalent.com\/da\/wp-json\/wp\/v2\/pages\/17687\/revisions"}],"predecessor-version":[{"id":20620,"href":"https:\/\/www.playyourtalent.com\/da\/wp-json\/wp\/v2\/pages\/17687\/revisions\/20620"}],"wp:attachment":[{"href":"https:\/\/www.playyourtalent.com\/da\/wp-json\/wp\/v2\/media?parent=17687"}],"curies":[{"name":"wp","href":"https:\/\/api.w.org\/{rel}","templated":true}]}}