{"id":17676,"date":"2021-03-18T13:44:10","date_gmt":"2021-03-18T12:44:10","guid":{"rendered":"https:\/\/www.playyourtalent.com\/?page_id=17676"},"modified":"2025-04-28T14:43:57","modified_gmt":"2025-04-28T12:43:57","slug":"podcast","status":"publish","type":"page","link":"https:\/\/www.playyourtalent.com\/da\/podcast\/","title":{"rendered":"Podcast"},"content":{"rendered":"\t\t<div data-elementor-type=\"wp-post\" data-elementor-id=\"17676\" class=\"elementor elementor-17676 elementor-7557\" data-elementor-post-type=\"page\">\n\t\t\t\t<div class=\"elementor-element elementor-element-7c0863c2 e-con-full e-flex e-con e-parent\" data-id=\"7c0863c2\" data-element_type=\"container\" data-e-type=\"container\" data-settings=\"{&quot;background_background&quot;:&quot;classic&quot;}\">\n\t\t<div class=\"elementor-element elementor-element-73d51e88 e-flex e-con-boxed e-con e-child\" data-id=\"73d51e88\" data-element_type=\"container\" data-e-type=\"container\">\n\t\t\t\t\t<div class=\"e-con-inner\">\n\t\t<div class=\"elementor-element elementor-element-207fdb9e e-con-full e-flex e-con e-child\" data-id=\"207fdb9e\" data-element_type=\"container\" data-e-type=\"container\">\n\t\t\t\t<div class=\"elementor-element elementor-element-6f335ce4 elementor-widget elementor-widget-heading\" data-id=\"6f335ce4\" data-element_type=\"widget\" data-e-type=\"widget\" data-widget_type=\"heading.default\">\n\t\t\t\t<div class=\"elementor-widget-container\">\n\t\t\t\t\t<span class=\"elementor-heading-title elementor-size-default\">Podcast<\/span>\t\t\t\t<\/div>\n\t\t\t\t<\/div>\n\t\t\t\t<div class=\"elementor-element elementor-element-426ae30 elementor-widget elementor-widget-heading\" data-id=\"426ae30\" data-element_type=\"widget\" data-e-type=\"widget\" data-widget_type=\"heading.default\">\n\t\t\t\t<div class=\"elementor-widget-container\">\n\t\t\t\t\t<h1 class=\"elementor-heading-title elementor-size-default\">Velkommen til vores podcast<\/h1>\t\t\t\t<\/div>\n\t\t\t\t<\/div>\n\t\t\t\t<div class=\"elementor-element elementor-element-38ad024e elementor-widget elementor-widget-text-editor\" data-id=\"38ad024e\" data-element_type=\"widget\" data-e-type=\"widget\" data-widget_type=\"text-editor.default\">\n\t\t\t\t<div class=\"elementor-widget-container\">\n\t\t\t\t\t\t\t\t\t<p class=\"\" data-start=\"92\" data-end=\"518\">F\u00e5 inspiration til talentudvikling, samarbejde og personlig v\u00e6kst gennem sp\u00e6ndende samtaler med eksperter og ledere.<\/p>\t\t\t\t\t\t\t\t<\/div>\n\t\t\t\t<\/div>\n\t\t\t\t<div class=\"elementor-element elementor-element-415b50ee elementor-widget elementor-widget-button\" data-id=\"415b50ee\" data-element_type=\"widget\" data-e-type=\"widget\" data-widget_type=\"button.default\">\n\t\t\t\t<div class=\"elementor-widget-container\">\n\t\t\t\t\t\t\t\t\t<div class=\"elementor-button-wrapper\">\n\t\t\t\t\t<a class=\"elementor-button elementor-button-link elementor-size-sm\" href=\"#lyt\">\n\t\t\t\t\t\t<span class=\"elementor-button-content-wrapper\">\n\t\t\t\t\t\t\t\t\t<span class=\"elementor-button-text\">Lyt med her<\/span>\n\t\t\t\t\t<\/span>\n\t\t\t\t\t<\/a>\n\t\t\t\t<\/div>\n\t\t\t\t\t\t\t\t<\/div>\n\t\t\t\t<\/div>\n\t\t\t\t<\/div>\n\t\t<div class=\"elementor-element elementor-element-b6a4b1 e-con-full e-flex e-con e-child\" data-id=\"b6a4b1\" data-element_type=\"container\" data-e-type=\"container\">\n\t\t\t\t<div class=\"elementor-element elementor-element-3312d354 elementor-widget elementor-widget-image\" data-id=\"3312d354\" data-element_type=\"widget\" data-e-type=\"widget\" data-widget_type=\"image.default\">\n\t\t\t\t<div class=\"elementor-widget-container\">\n\t\t\t\t\t\t\t\t\t\t\t\t\t\t\t<img decoding=\"async\" src=\"https:\/\/www.playyourtalent.com\/wp-content\/uploads\/elementor\/thumbs\/Talent-Toolbox-Talks-r50vj8h9yw9i85aojnibswas2rcopnzjhblh4pem0w.jpg\" title=\"Talent Toolbox Talks\" alt=\"Talent Toolbox Talks\" loading=\"lazy\" \/>\t\t\t\t\t\t\t\t\t\t\t\t\t\t\t<\/div>\n\t\t\t\t<\/div>\n\t\t\t\t<\/div>\n\t\t\t\t\t<\/div>\n\t\t\t\t<\/div>\n\t\t\t\t<\/div>\n\t\t<div class=\"elementor-element elementor-element-cb99385 e-flex e-con-boxed e-con e-parent\" data-id=\"cb99385\" data-element_type=\"container\" data-e-type=\"container\" data-settings=\"{&quot;background_background&quot;:&quot;classic&quot;}\">\n\t\t\t\t\t<div class=\"e-con-inner\">\n\t\t\t\t<div class=\"elementor-element elementor-element-13b0d75a elementor-widget__width-initial elementor-widget elementor-widget-heading\" data-id=\"13b0d75a\" data-element_type=\"widget\" data-e-type=\"widget\" data-widget_type=\"heading.default\">\n\t\t\t\t<div class=\"elementor-widget-container\">\n\t\t\t\t\t<h2 class=\"elementor-heading-title elementor-size-default\">\u201dS\u00e6t dit talent i spil\u201d er en podcast, der har til form\u00e5l at give indsigt i, hvordan vi kan s\u00e6tte vores talenter i spil b\u00e5de som enkeltperson og som virksomhed, s\u00e5 vi derved kan \u00f8ge vores effektivitet, motivation og drive til at skabe b\u00e6redygtige resultater.<\/h2>\t\t\t\t<\/div>\n\t\t\t\t<\/div>\n\t\t\t\t<div class=\"elementor-element elementor-element-472bd97b elementor-widget elementor-widget-heading\" data-id=\"472bd97b\" data-element_type=\"widget\" data-e-type=\"widget\" data-widget_type=\"heading.default\">\n\t\t\t\t<div class=\"elementor-widget-container\">\n\t\t\t\t\t<span class=\"elementor-heading-title elementor-size-default\">Alt for mange mennesker g\u00e5r rundt uden at kende deres talent DNA, og form\u00e5r derfor ikke at forl\u00f8se deres fulde talentpotentiale eller at skabe et meningsfyldt arbejdsliv.\n<br><br>Podcasten udkommer som sp\u00e6ndende \u00e5bne samtaler og l\u00f8bende inviterer vi b\u00e5de virksomhedsledere og eksperter, kendte som ukendte, der inden for hver deres felt, aktivt arbejder med talentudvikling og som br\u00e6nder for at dele ud af deres erfaring med i studiet. Tak fordi I lytter med.<\/span>\t\t\t\t<\/div>\n\t\t\t\t<\/div>\n\t\t<div class=\"elementor-element elementor-element-acb9647 e-con-full e-flex e-con e-child\" data-id=\"acb9647\" data-element_type=\"container\" data-e-type=\"container\">\n\t\t<div class=\"elementor-element elementor-element-15f478c e-con-full e-flex e-con e-child\" data-id=\"15f478c\" data-element_type=\"container\" data-e-type=\"container\">\n\t\t\t\t<div class=\"elementor-element elementor-element-cc5ee14 elementor-widget elementor-widget-heading\" data-id=\"cc5ee14\" data-element_type=\"widget\" data-e-type=\"widget\" data-widget_type=\"heading.default\">\n\t\t\t\t<div class=\"elementor-widget-container\">\n\t\t\t\t\t<h4 class=\"elementor-heading-title elementor-size-default\">Klik p\u00e5 dit foretrukne podcast medie, s\u00e5 du kan abonnere og f\u00f8lge med i nye afsnit<\/h4>\t\t\t\t<\/div>\n\t\t\t\t<\/div>\n\t\t\t\t<\/div>\n\t\t<div class=\"elementor-element elementor-element-7179e01 e-con-full e-flex e-con e-child\" data-id=\"7179e01\" data-element_type=\"container\" data-e-type=\"container\">\n\t\t\t\t<div class=\"elementor-element elementor-element-bd09c59 elementor-widget elementor-widget-image\" data-id=\"bd09c59\" data-element_type=\"widget\" data-e-type=\"widget\" data-widget_type=\"image.default\">\n\t\t\t\t<div class=\"elementor-widget-container\">\n\t\t\t\t\t\t\t\t\t\t\t\t<figure class=\"wp-caption\">\n\t\t\t\t\t\t\t\t\t\t\t<a href=\"https:\/\/open.spotify.com\/show\/0fkWWDfete7qa6lbQuD17m?si=U89G3xZAQGmPat3cToM7nQ&#038;nd=1&#038;dlsi=365e744cc83049b1\" target=\"_blank\" rel=\"noopener\">\n\t\t\t\t\t\t\t<img decoding=\"async\" width=\"50\" height=\"50\" src=\"https:\/\/www.playyourtalent.com\/wp-content\/uploads\/2021\/03\/spotify-logo_50x50.png\" class=\"attachment-large size-large wp-image-16743\" alt=\"\" \/>\t\t\t\t\t\t\t\t<\/a>\n\t\t\t\t\t\t\t\t\t\t\t<figcaption class=\"widget-image-caption wp-caption-text\">Spotify<\/figcaption>\n\t\t\t\t\t\t\t\t\t\t<\/figure>\n\t\t\t\t\t\t\t\t\t<\/div>\n\t\t\t\t<\/div>\n\t\t\t\t<\/div>\n\t\t<div class=\"elementor-element elementor-element-9d4548c e-con-full e-flex e-con e-child\" data-id=\"9d4548c\" data-element_type=\"container\" data-e-type=\"container\">\n\t\t\t\t<div class=\"elementor-element elementor-element-449f56a elementor-widget elementor-widget-image\" data-id=\"449f56a\" data-element_type=\"widget\" data-e-type=\"widget\" data-widget_type=\"image.default\">\n\t\t\t\t<div class=\"elementor-widget-container\">\n\t\t\t\t\t\t\t\t\t\t\t\t<figure class=\"wp-caption\">\n\t\t\t\t\t\t\t\t\t\t\t<a href=\"https:\/\/podcasts.apple.com\/dk\/podcast\/talent-toolbox-talks\/id1743975920\" target=\"_blank\" rel=\"noopener\">\n\t\t\t\t\t\t\t<img decoding=\"async\" width=\"50\" height=\"50\" src=\"https:\/\/www.playyourtalent.com\/wp-content\/uploads\/2021\/03\/icon-apple-podcast_50x50.png\" class=\"attachment-large size-large wp-image-16741\" alt=\"\" \/>\t\t\t\t\t\t\t\t<\/a>\n\t\t\t\t\t\t\t\t\t\t\t<figcaption class=\"widget-image-caption wp-caption-text\">Apple Podcast<\/figcaption>\n\t\t\t\t\t\t\t\t\t\t<\/figure>\n\t\t\t\t\t\t\t\t\t<\/div>\n\t\t\t\t<\/div>\n\t\t\t\t<\/div>\n\t\t\t\t<\/div>\n\t\t\t\t\t<\/div>\n\t\t\t\t<\/div>\n\t\t\t\t<section class=\"elementor-section elementor-top-section elementor-element elementor-element-94cf01b elementor-section-boxed elementor-section-height-default elementor-section-height-default\" data-id=\"94cf01b\" data-element_type=\"section\" data-e-type=\"section\" id=\"lyt\" data-settings=\"{&quot;background_background&quot;:&quot;classic&quot;}\">\n\t\t\t\t\t\t<div class=\"elementor-container elementor-column-gap-default\">\n\t\t\t\t\t<div class=\"elementor-column elementor-col-100 elementor-top-column elementor-element elementor-element-49efceb\" data-id=\"49efceb\" data-element_type=\"column\" data-e-type=\"column\">\n\t\t\t<div class=\"elementor-widget-wrap elementor-element-populated\">\n\t\t\t\t\t\t<div class=\"elementor-element elementor-element-b321c4e elementor-widget elementor-widget-heading\" data-id=\"b321c4e\" data-element_type=\"widget\" data-e-type=\"widget\" data-widget_type=\"heading.default\">\n\t\t\t\t<div class=\"elementor-widget-container\">\n\t\t\t\t\t<h2 class=\"elementor-heading-title elementor-size-default\">Lyt direkte her:<\/h2>\t\t\t\t<\/div>\n\t\t\t\t<\/div>\n\t\t\t\t<div class=\"elementor-element elementor-element-c4a6bf4 elementor-widget elementor-widget-html\" data-id=\"c4a6bf4\" data-element_type=\"widget\" data-e-type=\"widget\" data-widget_type=\"html.default\">\n\t\t\t\t<div class=\"elementor-widget-container\">\n\t\t\t\t\t<iframe style=\"border-radius:12px\" src=\"https:\/\/open.spotify.com\/embed\/episode\/1G5ErGUuW0EZC40S37qSqc?utm_source=generator\" width=\"100%\" height=\"152\" frameBorder=\"0\" allowfullscreen=\"\" allow=\"autoplay; clipboard-write; encrypted-media; fullscreen; picture-in-picture\" loading=\"lazy\"><\/iframe>\t\t\t\t<\/div>\n\t\t\t\t<\/div>\n\t\t\t\t<div class=\"elementor-element elementor-element-4444fab elementor-widget elementor-widget-heading\" data-id=\"4444fab\" data-element_type=\"widget\" data-e-type=\"widget\" data-widget_type=\"heading.default\">\n\t\t\t\t<div class=\"elementor-widget-container\">\n\t\t\t\t\t<h2 class=\"elementor-heading-title elementor-size-default\">Sp\u00e6ndende podcasts du kan lade dig inspirere af:<\/h2>\t\t\t\t<\/div>\n\t\t\t\t<\/div>\n\t\t\t\t<div class=\"elementor-element elementor-element-7d205e5 elementor-widget elementor-widget-text-editor\" data-id=\"7d205e5\" data-element_type=\"widget\" data-e-type=\"widget\" data-widget_type=\"text-editor.default\">\n\t\t\t\t<div class=\"elementor-widget-container\">\n\t\t\t\t\t\t\t\t\t<p><strong>Talent Toolbox Talks<\/strong><\/p><p><a href=\"https:\/\/open.spotify.com\/show\/5sznEtCjnU98NlYcjiB9YY\" target=\"_blank\" rel=\"noopener\">https:\/\/open.spotify.com\/show\/5sznEtCjnU98NlYcjiB9YY<\/a><\/p><p><strong>S\u00e6t Dit Talent I Spil<\/strong><\/p><p><a href=\"https:\/\/open.spotify.com\/episode\/446xxJXOKtjJGRplbYaMF7?si=6jPxUoebQJKBDPDyEf8pJw\" target=\"_blank\" rel=\"noopener\">https:\/\/open.spotify.com\/episode\/446xxJXOKtjJGRplbYaMF7?si=6jPxUoebQJKBDPDyEf8pJw<\/a><\/p><p><strong>Mental Succes med\u00a0Iris Engelund<\/strong><\/p><p><a href=\"https:\/\/open.spotify.com\/episode\/6WHd6AZjdMJfsFQxhojiRS?si=O5bHvHqyRF6hEr_QUEK64A&amp;nd=1&amp;dlsi=2966e503043c41b9\" target=\"_blank\" rel=\"noopener\">https:\/\/open.spotify.com\/episode\/6WHd6AZjdMJfsFQxhojiRS?si=O5bHvHqyRF6hEr_QUEK64A&amp;nd=1&amp;dlsi=2966e503043c41b9<\/a><\/p><p><strong>Mod til indsigt og udvikling<\/strong><br \/><a href=\"https:\/\/open.spotify.com\/episode\/0rXkXJ4fJnBWDDPgMbP6Vr\" target=\"_blank\" rel=\"noopener\">https:\/\/open.spotify.com\/episode\/0rXkXJ4fJnBWDDPgMbP6Vr<\/a><\/p><p style=\"font-weight: 400;\"><strong>Habit manager<\/strong><br \/><a href=\"https:\/\/habitmanager.com\/podcast\/open.spotify.com\/show\/0fkWWDfete7qa6lbQuD17m\" target=\"_blank\" rel=\"noopener\">https:\/\/habitmanager.com\/podcast\/open.spotify.com\/show\/0fkWWDfete7qa6lbQuD17m<\/a><\/p><p><strong>Den humane kapital<\/strong><br \/><a href=\"https:\/\/podcasts.apple.com\/dk\/podcast\/iris-isabella-engelund-om-talentudvikling-passion-og\/id1439330813?i=1000464716431\" target=\"_blank\" rel=\"noopener\">https:\/\/podcasts.apple.com\/dk\/podcast\/iris-isabella-engelund-om-talentudvikling-passion-og\/id1439330813?i=1000464716431<\/a><\/p><p><strong>Bevidst introvert \u2013 Camilla L\u00e6rke L\u00e6rkesen<\/strong><br \/><a href=\"https:\/\/www.spreaker.com\/user\/10839438\/nh-55-iris-engelund\" target=\"_blank\" rel=\"noopener\">https:\/\/www.spreaker.com\/user\/10839438\/nh-55-iris-engelund<\/a><\/p><p><strong>Torben og foredragsholderne &#8211; Torben Wise<\/strong><br \/><a href=\"https:\/\/habitmanager.com\/podcast\/\" target=\"_blank\" rel=\"noopener\">https:\/\/habitmanager.com\/podcast\/<\/a><\/p><p><strong>Diagnosen \u2013 Heartbeat<\/strong><br \/><a href=\"https:\/\/podcasts.apple.com\/dk\/podcast\/diagnosen-alle-mennesker-har-talent-de-skal-bare\/id1376109607?i=1000452623111\" target=\"_blank\" rel=\"noopener\">https:\/\/podcasts.apple.com\/dk\/podcast\/diagnosen-alle-mennesker-har-talent-de-skal-bare\/id1376109607?i=1000452623111<\/a><\/p><p><strong>Iv\u00e6rks\u00e6tterhistorier<\/strong><br \/><a href=\"https:\/\/omny.fm\/shows\/ivaerksaetterhistorier\/play-your-talent-derfor-skal-du-bringe-dine-og-and\" target=\"_blank\" rel=\"noopener\">https:\/\/omny.fm\/shows\/ivaerksaetterhistorier\/play-your-talent-derfor-skal-du-bringe-dine-og-and<\/a><\/p>\t\t\t\t\t\t\t\t<\/div>\n\t\t\t\t<\/div>\n\t\t\t\t\t<\/div>\n\t\t<\/div>\n\t\t\t\t\t<\/div>\n\t\t<\/section>\n\t\t\t\t<\/div>\n\t\t","protected":false},"excerpt":{"rendered":"<p>Podcast Velkommen til vores podcast F\u00e5 inspiration til talentudvikling, samarbejde og personlig v\u00e6kst gennem sp\u00e6ndende samtaler med eksperter og ledere. Lyt med her \u201dS\u00e6t dit talent i spil\u201d er en [&hellip;]<\/p>\n","protected":false},"author":21032123,"featured_media":0,"parent":0,"menu_order":0,"comment_status":"closed","ping_status":"closed","template":"","meta":{"content-type":"","inline_featured_image":false,"footnotes":""},"class_list":["post-17676","page","type-page","status-publish","hentry"],"_links":{"self":[{"href":"https:\/\/www.playyourtalent.com\/da\/wp-json\/wp\/v2\/pages\/17676","targetHints":{"allow":["GET"]}}],"collection":[{"href":"https:\/\/www.playyourtalent.com\/da\/wp-json\/wp\/v2\/pages"}],"about":[{"href":"https:\/\/www.playyourtalent.com\/da\/wp-json\/wp\/v2\/types\/page"}],"author":[{"embeddable":true,"href":"https:\/\/www.playyourtalent.com\/da\/wp-json\/wp\/v2\/users\/21032123"}],"replies":[{"embeddable":true,"href":"https:\/\/www.playyourtalent.com\/da\/wp-json\/wp\/v2\/comments?post=17676"}],"version-history":[{"count":7,"href":"https:\/\/www.playyourtalent.com\/da\/wp-json\/wp\/v2\/pages\/17676\/revisions"}],"predecessor-version":[{"id":20646,"href":"https:\/\/www.playyourtalent.com\/da\/wp-json\/wp\/v2\/pages\/17676\/revisions\/20646"}],"wp:attachment":[{"href":"https:\/\/www.playyourtalent.com\/da\/wp-json\/wp\/v2\/media?parent=17676"}],"curies":[{"name":"wp","href":"https:\/\/api.w.org\/{rel}","templated":true}]}}