{"id":17662,"date":"2022-10-03T13:28:19","date_gmt":"2022-10-03T11:28:19","guid":{"rendered":"https:\/\/www.playyourtalent.com\/?page_id=17662"},"modified":"2026-04-10T08:18:12","modified_gmt":"2026-04-10T06:18:12","slug":"teamudvikling","status":"publish","type":"page","link":"https:\/\/www.playyourtalent.com\/da\/teamudvikling\/","title":{"rendered":"Teamudvikling"},"content":{"rendered":"\t\t<div data-elementor-type=\"wp-post\" data-elementor-id=\"17662\" class=\"elementor elementor-17662 elementor-9999\" data-elementor-post-type=\"page\">\n\t\t\t\t\t\t<section class=\"elementor-section elementor-top-section elementor-element elementor-element-7ebce74f elementor-section-full_width elementor-reverse-mobile elementor-section-height-min-height elementor-section-height-default elementor-section-items-middle\" data-id=\"7ebce74f\" data-element_type=\"section\" data-e-type=\"section\" data-settings=\"{&quot;background_background&quot;:&quot;classic&quot;}\">\n\t\t\t\t\t\t<div class=\"elementor-container elementor-column-gap-no\">\n\t\t\t\t\t<div class=\"elementor-column elementor-col-50 elementor-top-column elementor-element elementor-element-17c4221\" data-id=\"17c4221\" data-element_type=\"column\" data-e-type=\"column\">\n\t\t\t<div class=\"elementor-widget-wrap\">\n\t\t\t\t\t\t\t<\/div>\n\t\t<\/div>\n\t\t\t\t<div class=\"elementor-column elementor-col-50 elementor-top-column elementor-element elementor-element-f41d104\" data-id=\"f41d104\" data-element_type=\"column\" data-e-type=\"column\">\n\t\t\t<div class=\"elementor-widget-wrap elementor-element-populated\">\n\t\t\t\t\t\t\t<\/div>\n\t\t<\/div>\n\t\t\t\t\t<\/div>\n\t\t<\/section>\n\t\t\t\t<section class=\"elementor-section elementor-top-section elementor-element elementor-element-ca28ad9 elementor-section-boxed elementor-section-height-default elementor-section-height-default\" data-id=\"ca28ad9\" data-element_type=\"section\" data-e-type=\"section\" data-settings=\"{&quot;background_background&quot;:&quot;classic&quot;}\">\n\t\t\t\t\t\t<div class=\"elementor-container elementor-column-gap-default\">\n\t\t\t\t\t<div class=\"elementor-column elementor-col-100 elementor-top-column elementor-element elementor-element-588f010\" data-id=\"588f010\" data-element_type=\"column\" data-e-type=\"column\">\n\t\t\t<div class=\"elementor-widget-wrap elementor-element-populated\">\n\t\t\t\t\t\t<div class=\"elementor-element elementor-element-6605b5e elementor-widget elementor-widget-heading\" data-id=\"6605b5e\" data-element_type=\"widget\" data-e-type=\"widget\" data-widget_type=\"heading.default\">\n\t\t\t\t<div class=\"elementor-widget-container\">\n\t\t\t\t\t<h1 class=\"elementor-heading-title elementor-size-large\">Teamudvikling<\/h1>\t\t\t\t<\/div>\n\t\t\t\t<\/div>\n\t\t\t\t<div class=\"elementor-element elementor-element-12ba54b elementor-widget elementor-widget-heading\" data-id=\"12ba54b\" data-element_type=\"widget\" data-e-type=\"widget\" data-widget_type=\"heading.default\">\n\t\t\t\t<div class=\"elementor-widget-container\">\n\t\t\t\t\t<h2 class=\"elementor-heading-title elementor-size-large\">Skal I lave teamudvikling\/ Kickoff - s\u00e5 tilbyder vi en fantastisk, sjov, resultatorienteret og engagerende workshop <\/h2>\t\t\t\t<\/div>\n\t\t\t\t<\/div>\n\t\t\t\t<div class=\"elementor-element elementor-element-38c0cac elementor-widget elementor-widget-text-editor\" data-id=\"38c0cac\" data-element_type=\"widget\" data-e-type=\"widget\" data-widget_type=\"text-editor.default\">\n\t\t\t\t<div class=\"elementor-widget-container\">\n\t\t\t\t\t\t\t\t\t<p>Vi har super dygtige undervisere, der skaber en inspirerende teamudvikling workshop, hvor fantastisk energi og \u00f8get forst\u00e5else mellem kollegaer er i h\u00f8js\u00e6det. Teamudvikling workshoppen<span style=\"color: var( --e-global-color-efc80bf );\">&nbsp;har fokus p\u00e5, hvordan vores forskellige skjulte talenter har en afg\u00f8rende rolle for relationerne mennesker imellem.&nbsp;<\/span><span style=\"color: var( --e-global-color-efc80bf );\">Med en humoristisk, men forskningsbaseret vinkel, gives der et kvalificeret bud p\u00e5, hvordan man kan s\u00e6tte sit talent i spil og skabe nye og bedre handle- og samarbejdsmuligheder i teams og virksomheder.&nbsp;<\/span><span style=\"color: var( --e-global-color-efc80bf );\">Under en&nbsp;<\/span>teamudvikling <span style=\"color: var( --e-global-color-efc80bf );\">workshop, benyttes softwareplatform \u201cPlay Your Talent\u201d, hvor man \u201cLive\u201d kan afd\u00e6kke talenter (lidt som Kahoot). Hermed f\u00e5r man som team og virksomhed et konkret og operationelt v\u00e6rkt\u00f8j til fremadrettet at arbejde med, samt holde fokus p\u00e5, talentpotentialet. Dermed vil&nbsp;<\/span>teamudvikling <span style=\"color: var( --e-global-color-efc80bf );\">workshoppen skabe v\u00e6rdi p\u00e5 ikke kun her og nu, men p\u00e5 den lange bane. <\/span><span style=\"color: var( --e-global-color-efc80bf );\">Undervisningen er altid krydret med illustrative \u00f8velser og eksempler fra hverdagen. Alle vil med garanti f\u00e5 en positiv dag, tr\u00e6kke p\u00e5 smileb\u00e5ndet og opn\u00e5 en st\u00f8rre selvindsigt.<\/span><\/p>\n<h2>Konkret beskrivelse af en teamdag:<\/h2>\n<ul>\n<li>Intro til den teoretiske tilgang<\/li>\n<li>Real time talent afd\u00e6kning via <a href=\"https:\/\/www.playyourtalent.com\/da\/talentudviklingssystem\">it-systemet Play Your Talent<\/a><\/li>\n<li>Indblik i egne og andres unikke talentkombination<\/li>\n<li>L\u00e6ring og tr\u00e6ning i positive sider &#8211; samt udfordringer ved talenter<\/li>\n<li>Dialog og arbejde med teamets udfordringer ud fra en ny f\u00e6lles forst\u00e5elsesramme<\/li>\n<li>Cases\/\u00f8velser undervejs \u2013 m\u00e5lrettet til virksomhedens behov<\/li>\n<\/ul>\n<h2>Det v\u00e6rdiskabende ved et opl\u00e6g<\/h2>\n<ul>\n<li>Alle i teamet f\u00e5r en st\u00f8rre forst\u00e5else af hinanden p\u00e5 en ny, anderledes og humoristisk m\u00e5de, der giver stort positivt afkast<\/li>\n<li>Alle i teamet f\u00e5r en unik dyb personlig indsigt i sig selv<\/li>\n<li>Teamet f\u00e5r en \u00f8get forst\u00e5else og v\u00e6rkt\u00f8jer til, hvordan samarbejde og effektivitet kan forbedres<\/li>\n<li>Arbejdsgl\u00e6de, motivation og effektivitet \u00f8ges med op til 6x n\u00e5r talenter forst\u00e5s og stimuleres!<\/li>\n<li>Konflikter og misforst\u00e5elser minimeres ekstremt<\/li>\n<li>N\u00e5r alle kan relatere til talentforst\u00e5elsen, giver det en langsigtet positiv indvirkning p\u00e5 samarbejde, arbejdsgl\u00e6de og effektivitet,<\/li>\n<\/ul>\t\t\t\t\t\t\t\t<\/div>\n\t\t\t\t<\/div>\n\t\t\t\t\t<\/div>\n\t\t<\/div>\n\t\t\t\t\t<\/div>\n\t\t<\/section>\n\t\t\t\t<section class=\"elementor-section elementor-top-section elementor-element elementor-element-40babbb elementor-section-boxed elementor-section-height-default elementor-section-height-default\" data-id=\"40babbb\" data-element_type=\"section\" data-e-type=\"section\">\n\t\t\t\t\t\t<div class=\"elementor-container elementor-column-gap-default\">\n\t\t\t\t\t<div class=\"elementor-column elementor-col-100 elementor-top-column elementor-element elementor-element-0973c8c\" data-id=\"0973c8c\" data-element_type=\"column\" data-e-type=\"column\">\n\t\t\t<div class=\"elementor-widget-wrap elementor-element-populated\">\n\t\t\t\t\t\t<section class=\"elementor-section elementor-inner-section elementor-element elementor-element-e873b50 elementor-section-boxed elementor-section-height-default elementor-section-height-default\" data-id=\"e873b50\" data-element_type=\"section\" data-e-type=\"section\">\n\t\t\t\t\t\t<div class=\"elementor-container elementor-column-gap-default\">\n\t\t\t\t\t<div class=\"elementor-column elementor-col-100 elementor-inner-column elementor-element elementor-element-50d563c\" data-id=\"50d563c\" data-element_type=\"column\" data-e-type=\"column\" data-settings=\"{&quot;background_background&quot;:&quot;classic&quot;}\">\n\t\t\t<div class=\"elementor-widget-wrap elementor-element-populated\">\n\t\t\t\t\t\t<div class=\"elementor-element elementor-element-b50ed01 elementor-widget elementor-widget-video\" data-id=\"b50ed01\" data-element_type=\"widget\" data-e-type=\"widget\" data-settings=\"{&quot;youtube_url&quot;:&quot;https:\\\/\\\/www.youtube.com\\\/watch?v=EpwVDLYxIHE&quot;,&quot;lazy_load&quot;:&quot;yes&quot;,&quot;video_type&quot;:&quot;youtube&quot;}\" data-widget_type=\"video.default\">\n\t\t\t\t<div class=\"elementor-widget-container\">\n\t\t\t\t\t\t\t<div class=\"elementor-wrapper elementor-open-inline\">\n\t\t\t<div class=\"elementor-video\"><\/div>\t\t<\/div>\n\t\t\t\t\t\t<\/div>\n\t\t\t\t<\/div>\n\t\t\t\t\t<\/div>\n\t\t<\/div>\n\t\t\t\t\t<\/div>\n\t\t<\/section>\n\t\t\t\t\t<\/div>\n\t\t<\/div>\n\t\t\t\t\t<\/div>\n\t\t<\/section>\n\t\t\t\t<section class=\"elementor-section elementor-top-section elementor-element elementor-element-8f33dad elementor-section-boxed elementor-section-height-default elementor-section-height-default\" data-id=\"8f33dad\" data-element_type=\"section\" data-e-type=\"section\">\n\t\t\t\t\t\t<div class=\"elementor-container elementor-column-gap-default\">\n\t\t\t\t\t<div class=\"elementor-column elementor-col-100 elementor-top-column elementor-element elementor-element-1c3dd3c\" data-id=\"1c3dd3c\" data-element_type=\"column\" data-e-type=\"column\">\n\t\t\t<div class=\"elementor-widget-wrap elementor-element-populated\">\n\t\t\t\t\t\t<div class=\"elementor-element elementor-element-fe17efd elementor-widget elementor-widget-gallery\" data-id=\"fe17efd\" data-element_type=\"widget\" data-e-type=\"widget\" data-settings=\"{&quot;columns&quot;:2,&quot;gap&quot;:{&quot;unit&quot;:&quot;px&quot;,&quot;size&quot;:28,&quot;sizes&quot;:[]},&quot;aspect_ratio&quot;:&quot;16:9&quot;,&quot;lazyload&quot;:&quot;yes&quot;,&quot;gallery_layout&quot;:&quot;grid&quot;,&quot;columns_tablet&quot;:2,&quot;columns_mobile&quot;:1,&quot;gap_tablet&quot;:{&quot;unit&quot;:&quot;px&quot;,&quot;size&quot;:10,&quot;sizes&quot;:[]},&quot;gap_mobile&quot;:{&quot;unit&quot;:&quot;px&quot;,&quot;size&quot;:10,&quot;sizes&quot;:[]},&quot;link_to&quot;:&quot;file&quot;,&quot;overlay_background&quot;:&quot;yes&quot;,&quot;content_hover_animation&quot;:&quot;fade-in&quot;}\" data-widget_type=\"gallery.default\">\n\t\t\t\t<div class=\"elementor-widget-container\">\n\t\t\t\t\t\t\t<div class=\"elementor-gallery__container\">\n\t\t\t\t\t\t\t<a class=\"e-gallery-item elementor-gallery-item elementor-animated-content\" href=\"https:\/\/www.playyourtalent.com\/wp-content\/uploads\/2022\/10\/iris-engelund-iba_52-web.jpg\" data-elementor-open-lightbox=\"yes\" data-elementor-lightbox-slideshow=\"fe17efd\" data-elementor-lightbox-title=\"iris-engelund-iba_52-web\" data-e-action-hash=\"#elementor-action%3Aaction%3Dlightbox%26settings%3DeyJpZCI6MTY5NDksInVybCI6Imh0dHBzOlwvXC93d3cucGxheXlvdXJ0YWxlbnQuY29tXC93cC1jb250ZW50XC91cGxvYWRzXC8yMDIyXC8xMFwvaXJpcy1lbmdlbHVuZC1pYmFfNTItd2ViLmpwZyIsInNsaWRlc2hvdyI6ImZlMTdlZmQifQ%3D%3D\">\n\t\t\t\t\t<div class=\"e-gallery-image elementor-gallery-item__image\" data-thumbnail=\"https:\/\/www.playyourtalent.com\/wp-content\/uploads\/2022\/10\/iris-engelund-iba_52-web-1024x683.jpg\" data-width=\"800\" data-height=\"534\" aria-label=\"\" role=\"img\" ><\/div>\n\t\t\t\t\t\t\t\t\t\t\t<div class=\"elementor-gallery-item__overlay\"><\/div>\n\t\t\t\t\t\t\t\t\t\t\t\t\t\t<\/a>\n\t\t\t\t\t\t\t<a class=\"e-gallery-item elementor-gallery-item elementor-animated-content\" href=\"https:\/\/www.playyourtalent.com\/wp-content\/uploads\/2022\/10\/Billede-6-of-40-scaled.jpg\" data-elementor-open-lightbox=\"yes\" data-elementor-lightbox-slideshow=\"fe17efd\" data-elementor-lightbox-title=\"Billede (6 of 40)\" data-e-action-hash=\"#elementor-action%3Aaction%3Dlightbox%26settings%3DeyJpZCI6MTY5NTEsInVybCI6Imh0dHBzOlwvXC93d3cucGxheXlvdXJ0YWxlbnQuY29tXC93cC1jb250ZW50XC91cGxvYWRzXC8yMDIyXC8xMFwvQmlsbGVkZS02LW9mLTQwLXNjYWxlZC5qcGciLCJzbGlkZXNob3ciOiJmZTE3ZWZkIn0%3D\">\n\t\t\t\t\t<div class=\"e-gallery-image elementor-gallery-item__image\" data-thumbnail=\"https:\/\/www.playyourtalent.com\/wp-content\/uploads\/2022\/10\/Billede-6-of-40-1024x576.jpg\" data-width=\"800\" data-height=\"450\" aria-label=\"\" role=\"img\" ><\/div>\n\t\t\t\t\t\t\t\t\t\t\t<div class=\"elementor-gallery-item__overlay\"><\/div>\n\t\t\t\t\t\t\t\t\t\t\t\t\t\t<\/a>\n\t\t\t\t\t<\/div>\n\t\t\t\t\t<\/div>\n\t\t\t\t<\/div>\n\t\t\t\t\t<\/div>\n\t\t<\/div>\n\t\t\t\t\t<\/div>\n\t\t<\/section>\n\t\t\t\t<section class=\"elementor-section elementor-top-section elementor-element elementor-element-500f715c elementor-section-stretched elementor-section-content-middle elementor-section-boxed elementor-section-height-default elementor-section-height-default\" data-id=\"500f715c\" data-element_type=\"section\" data-e-type=\"section\" data-settings=\"{&quot;stretch_section&quot;:&quot;section-stretched&quot;,&quot;background_background&quot;:&quot;classic&quot;}\">\n\t\t\t\t\t\t<div class=\"elementor-container elementor-column-gap-default\">\n\t\t\t\t\t<div class=\"elementor-column elementor-col-50 elementor-top-column elementor-element elementor-element-16a503ce\" data-id=\"16a503ce\" data-element_type=\"column\" data-e-type=\"column\">\n\t\t\t<div class=\"elementor-widget-wrap elementor-element-populated\">\n\t\t\t\t\t\t<div class=\"elementor-element elementor-element-651a218e elementor-widget elementor-widget-heading\" data-id=\"651a218e\" data-element_type=\"widget\" data-e-type=\"widget\" data-widget_type=\"heading.default\">\n\t\t\t\t<div class=\"elementor-widget-container\">\n\t\t\t\t\t<h2 class=\"elementor-heading-title elementor-size-small\">Resultaterne viser, at vi med vores talentudviklings koncepter:<\/h2>\t\t\t\t<\/div>\n\t\t\t\t<\/div>\n\t\t\t\t<div class=\"elementor-element elementor-element-320169c2 elementor-widget elementor-widget-text-editor\" data-id=\"320169c2\" data-element_type=\"widget\" data-e-type=\"widget\" data-widget_type=\"text-editor.default\">\n\t\t\t\t<div class=\"elementor-widget-container\">\n\t\t\t\t\t\t\t\t\t<ul><li>H\u00f8jner arbejdsgl\u00e6den<\/li><li>H\u00f8jner motivation, engagement og initiativ<\/li><li>Markant minimerer frustrationer, konflikter og stress<\/li><li>Skaber optimerede opgavel\u00f8snings flow<\/li><li>Forbedrer samarbejde og kommunikationen markant<\/li><li>\u00d8ger forst\u00e5elsen og rummeligheden i teamsne<\/li><li>Skaber \u00f8get produktivitet<\/li><\/ul>\t\t\t\t\t\t\t\t<\/div>\n\t\t\t\t<\/div>\n\t\t\t\t\t<\/div>\n\t\t<\/div>\n\t\t\t\t<div class=\"elementor-column elementor-col-50 elementor-top-column elementor-element elementor-element-6abf10e8\" data-id=\"6abf10e8\" data-element_type=\"column\" data-e-type=\"column\">\n\t\t\t<div class=\"elementor-widget-wrap elementor-element-populated\">\n\t\t\t\t\t\t<div class=\"elementor-element elementor-element-26fbc55 elementor-widget elementor-widget-image\" data-id=\"26fbc55\" data-element_type=\"widget\" data-e-type=\"widget\" data-widget_type=\"image.default\">\n\t\t\t\t<div class=\"elementor-widget-container\">\n\t\t\t\t\t\t\t\t\t\t\t\t\t\t\t<img fetchpriority=\"high\" decoding=\"async\" width=\"800\" height=\"450\" src=\"https:\/\/www.playyourtalent.com\/wp-content\/uploads\/2022\/10\/Billede-21-of-40-1024x576.jpg\" class=\"attachment-large size-large wp-image-16952\" alt=\"\" srcset=\"https:\/\/www.playyourtalent.com\/wp-content\/uploads\/2022\/10\/Billede-21-of-40-1024x576.jpg 1024w, https:\/\/www.playyourtalent.com\/wp-content\/uploads\/2022\/10\/Billede-21-of-40-scaled-600x338.jpg 600w, https:\/\/www.playyourtalent.com\/wp-content\/uploads\/2022\/10\/Billede-21-of-40-300x169.jpg 300w, https:\/\/www.playyourtalent.com\/wp-content\/uploads\/2022\/10\/Billede-21-of-40-768x432.jpg 768w, https:\/\/www.playyourtalent.com\/wp-content\/uploads\/2022\/10\/Billede-21-of-40-1536x864.jpg 1536w, https:\/\/www.playyourtalent.com\/wp-content\/uploads\/2022\/10\/Billede-21-of-40-2048x1152.jpg 2048w, https:\/\/www.playyourtalent.com\/wp-content\/uploads\/2022\/10\/Billede-21-of-40-360x203.jpg 360w, https:\/\/www.playyourtalent.com\/wp-content\/uploads\/2022\/10\/Billede-21-of-40-660x371.jpg 660w, https:\/\/www.playyourtalent.com\/wp-content\/uploads\/2022\/10\/Billede-21-of-40-560x315.jpg 560w, https:\/\/www.playyourtalent.com\/wp-content\/uploads\/2022\/10\/Billede-21-of-40-260x147.jpg 260w, https:\/\/www.playyourtalent.com\/wp-content\/uploads\/2022\/10\/Billede-21-of-40-480x271.jpg 480w\" sizes=\"(max-width: 800px) 100vw, 800px\" \/>\t\t\t\t\t\t\t\t\t\t\t\t\t\t\t<\/div>\n\t\t\t\t<\/div>\n\t\t\t\t\t<\/div>\n\t\t<\/div>\n\t\t\t\t\t<\/div>\n\t\t<\/section>\n\t\t<div class=\"elementor-element elementor-element-9e14982 e-flex e-con-boxed e-con e-parent\" data-id=\"9e14982\" data-element_type=\"container\" data-e-type=\"container\">\n\t\t\t\t\t<div class=\"e-con-inner\">\n\t\t\t\t<div class=\"elementor-element elementor-element-4b0b91a elementor-widget elementor-widget-text-editor\" data-id=\"4b0b91a\" data-element_type=\"widget\" data-e-type=\"widget\" data-widget_type=\"text-editor.default\">\n\t\t\t\t<div class=\"elementor-widget-container\">\n\t\t\t\t\t\t\t\t\t<h3><b>Hvad handler teamudvikling om?\u00a0<\/b><\/h3><p><span style=\"font-weight: 400;\">Teamudvikling handler om at styrke samarbejdet og skabe bedre resultater i hverdagen. Med vores praksisn\u00e6re tilgang opn\u00e5r teamet hurtigt indsigt i hinandens styrker. Det g\u00f8r samarbejdet mere effektivt og m\u00e5lrettet. Gennem et struktureret forl\u00f8b bliver kommunikationen tydeligere, rollerne mere afklarede, og teamet opbygger en f\u00e6lles forst\u00e5else for, hvad der skaber succes \u2013 b\u00e5de menneskeligt og fagligt.<\/span><\/p><p><span style=\"font-weight: 400;\">Et velfungerende team opst\u00e5r, n\u00e5r relationerne prioriteres, motivationen fastholdes, og energien i hverdagen underst\u00f8ttes. Dynamikker, der bremser eller fremmer samarbejdet, bliver synlige, og teamet f\u00e5r konkrete metoder til at arbejde mere konstruktivt sammen.<\/span><\/p><p><span style=\"font-weight: 400;\">Effektiv teamudvikling tager udgangspunkt i virkelige situationer og teamets aktuelle behov. N\u00e5r indsatsen kobles til konkrete opgaver og skaber ny indsigt, bliver den relevant og brugbar \u2013 b\u00e5de med det samme og p\u00e5 l\u00e6ngere sigt.<\/span><\/p><p><span style=\"font-weight: 400;\">Samarbejde kr\u00e6ver l\u00f8bende opm\u00e6rksomhed. N\u00e5r teamet udvikler sig bevidst, styrkes b\u00e5de resultater, trivsel og den faglige kvalitet.<\/span><\/p><h3><b>Hvorfor er teamudvikling vigtigt?<\/b><\/h3><p><span style=\"font-weight: 400;\">Samarbejdsproblemer koster tid, energi og engagement. De f\u00f8rer ofte til misforst\u00e5elser, konflikter og nedsat effektivitet \u2013 og kan udvikle sig til stress og udbr\u00e6ndthed. Et velfungerende team skaber derimod h\u00f8jere kvalitet, bedre trivsel og hurtigere fremdrift.<\/span><\/p><p><span style=\"font-weight: 400;\">I en hverdag pr\u00e6get af forandringer og stigende kompleksitet har teams brug for f\u00e6lles retning og klare relationer. N\u00e5r styrkerne er tydelige, kommunikationen fungerer, og der er forst\u00e5else for hinandens arbejdsstil, bliver samarbejdet mere robust \u2013 selv under pres.<\/span><\/p><p><span style=\"font-weight: 400;\">Teamudvikling bidrager til at:<\/span><\/p><ul><li style=\"font-weight: 400;\" aria-level=\"1\"><span style=\"font-weight: 400;\">\u00d8ge engagement og arbejdsgl\u00e6de<\/span><\/li><li style=\"font-weight: 400;\" aria-level=\"1\"><span style=\"font-weight: 400;\">Mindske konflikter og frustrationer<\/span><\/li><li style=\"font-weight: 400;\" aria-level=\"1\"><span style=\"font-weight: 400;\">Skabe klarhed om ansvar og opgaver<\/span><\/li><li style=\"font-weight: 400;\" aria-level=\"1\"><span style=\"font-weight: 400;\">Forbedre kommunikation og koordinering<\/span><\/li><li style=\"font-weight: 400;\" aria-level=\"1\"><span style=\"font-weight: 400;\">\u00d8ge modstandskraft og fleksibilitet<\/span><\/li><\/ul><p><span style=\"font-weight: 400;\">Forskelligheder i teamet er en styrke \u2013 n\u00e5r de bliver forst\u00e5et og brugt aktivt. Et f\u00e6lles sprog og indsigt i hinandens tilgang til arbejdet skaber bedre samarbejde og styrker teamets f\u00e6lles retning.<\/span><\/p><h3><b>Hvordan skaber man udvikling, der g\u00f8r en forskel?<\/b><\/h3><p><span style=\"font-weight: 400;\">Teamudvikling skal give v\u00e6rdi i praksis. Indsatserne skal v\u00e6re relevante, anvendelige og tilpasset den virkelighed, teamet arbejder i.<\/span><\/p><p><span style=\"font-weight: 400;\">Form\u00e5let er klart: styrket samarbejde, h\u00f8jere trivsel og bedre resultater. For at n\u00e5 dertil kr\u00e6ver det et forl\u00f8b, der:<\/span><\/p><ul><li style=\"font-weight: 400;\" aria-level=\"1\"><span style=\"font-weight: 400;\">Er m\u00e5lrettet og tilpasset teamets udfordringer<\/span><\/li><li style=\"font-weight: 400;\" aria-level=\"1\"><span style=\"font-weight: 400;\">Bygger p\u00e5 konkret viden om adf\u00e6rd og relationer<\/span><\/li><li style=\"font-weight: 400;\" aria-level=\"1\"><span style=\"font-weight: 400;\">Involverer deltagerne aktivt og engagerer<\/span><\/li><li style=\"font-weight: 400;\" aria-level=\"1\"><span style=\"font-weight: 400;\">Skaber direkte kobling til opgaver og m\u00e5l<\/span><\/li><\/ul><p><span style=\"font-weight: 400;\">Et st\u00e6rkt udgangspunkt er at fokusere p\u00e5 den enkeltes styrker og bruge dem som l\u00f8ftestang for hele teamets udvikling. N\u00e5r der skabes klarhed over egne og andres arbejdsstile, opst\u00e5r st\u00f8rre forst\u00e5else, f\u00e6rre misforst\u00e5elser og bedre samarbejde.<\/span><\/p><p><span style=\"font-weight: 400;\">Udvikling af teams er en kontinuerlig proces, der styrker b\u00e5de kulturen og de resultater, teamet skaber sammen.<\/span><\/p>\t\t\t\t\t\t\t\t<\/div>\n\t\t\t\t<\/div>\n\t\t\t\t\t<\/div>\n\t\t\t\t<\/div>\n\t\t\t\t<\/div>\n\t\t","protected":false},"excerpt":{"rendered":"<p>Teamudvikling Skal I lave teamudvikling\/ Kickoff &#8211; s\u00e5 tilbyder vi en fantastisk, sjov, resultatorienteret og engagerende workshop Vi har super dygtige undervisere, der skaber en inspirerende teamudvikling workshop, hvor fantastisk [&hellip;]<\/p>\n","protected":false},"author":21032123,"featured_media":0,"parent":0,"menu_order":0,"comment_status":"closed","ping_status":"closed","template":"","meta":{"content-type":"","inline_featured_image":false,"footnotes":""},"class_list":["post-17662","page","type-page","status-publish","hentry"],"_links":{"self":[{"href":"https:\/\/www.playyourtalent.com\/da\/wp-json\/wp\/v2\/pages\/17662","targetHints":{"allow":["GET"]}}],"collection":[{"href":"https:\/\/www.playyourtalent.com\/da\/wp-json\/wp\/v2\/pages"}],"about":[{"href":"https:\/\/www.playyourtalent.com\/da\/wp-json\/wp\/v2\/types\/page"}],"author":[{"embeddable":true,"href":"https:\/\/www.playyourtalent.com\/da\/wp-json\/wp\/v2\/users\/21032123"}],"replies":[{"embeddable":true,"href":"https:\/\/www.playyourtalent.com\/da\/wp-json\/wp\/v2\/comments?post=17662"}],"version-history":[{"count":30,"href":"https:\/\/www.playyourtalent.com\/da\/wp-json\/wp\/v2\/pages\/17662\/revisions"}],"predecessor-version":[{"id":21220,"href":"https:\/\/www.playyourtalent.com\/da\/wp-json\/wp\/v2\/pages\/17662\/revisions\/21220"}],"wp:attachment":[{"href":"https:\/\/www.playyourtalent.com\/da\/wp-json\/wp\/v2\/media?parent=17662"}],"curies":[{"name":"wp","href":"https:\/\/api.w.org\/{rel}","templated":true}]}}