{"id":17649,"date":"2018-08-15T14:01:57","date_gmt":"2018-08-15T12:01:57","guid":{"rendered":"https:\/\/www.playyourtalent.com\/?page_id=17649"},"modified":"2024-11-21T21:40:01","modified_gmt":"2024-11-21T20:40:01","slug":"teoretisk-baggrund-software","status":"publish","type":"page","link":"https:\/\/www.playyourtalent.com\/da\/teoretisk-baggrund-software\/","title":{"rendered":"Teoretisk baggrund &#8211; Software"},"content":{"rendered":"\t\t<div data-elementor-type=\"wp-post\" data-elementor-id=\"17649\" class=\"elementor elementor-17649 elementor-4928\" data-elementor-post-type=\"page\">\n\t\t\t\t\t\t<section class=\"elementor-section elementor-top-section elementor-element elementor-element-d81d1b0 elementor-section-stretched elementor-section-full_width elementor-section-height-min-height elementor-section-content-middle elementor-section-height-default elementor-section-items-middle\" data-id=\"d81d1b0\" data-element_type=\"section\" data-e-type=\"section\" data-settings=\"{&quot;stretch_section&quot;:&quot;section-stretched&quot;,&quot;background_background&quot;:&quot;classic&quot;}\">\n\t\t\t\t\t\t<div class=\"elementor-container elementor-column-gap-default\">\n\t\t\t\t\t<div class=\"elementor-column elementor-col-100 elementor-top-column elementor-element elementor-element-c6883ed\" data-id=\"c6883ed\" data-element_type=\"column\" data-e-type=\"column\">\n\t\t\t<div class=\"elementor-widget-wrap\">\n\t\t\t\t\t\t\t<\/div>\n\t\t<\/div>\n\t\t\t\t\t<\/div>\n\t\t<\/section>\n\t\t\t\t<section class=\"elementor-section elementor-top-section elementor-element elementor-element-2872efa elementor-section-boxed elementor-section-height-default elementor-section-height-default\" data-id=\"2872efa\" data-element_type=\"section\" data-e-type=\"section\">\n\t\t\t\t\t\t<div class=\"elementor-container elementor-column-gap-default\">\n\t\t\t\t\t<div class=\"elementor-column elementor-col-100 elementor-top-column elementor-element elementor-element-ced035f\" data-id=\"ced035f\" data-element_type=\"column\" data-e-type=\"column\">\n\t\t\t<div class=\"elementor-widget-wrap elementor-element-populated\">\n\t\t\t\t\t\t<div class=\"elementor-element elementor-element-cdcfce4 elementor-widget elementor-widget-heading\" data-id=\"cdcfce4\" data-element_type=\"widget\" data-e-type=\"widget\" data-widget_type=\"heading.default\">\n\t\t\t\t<div class=\"elementor-widget-container\">\n\t\t\t\t\t<h2 class=\"elementor-heading-title elementor-size-default\">Teoretisk  baggrund<\/h2>\t\t\t\t<\/div>\n\t\t\t\t<\/div>\n\t\t\t\t<div class=\"elementor-element elementor-element-36b3f90 elementor-widget elementor-widget-text-editor\" data-id=\"36b3f90\" data-element_type=\"widget\" data-e-type=\"widget\" data-widget_type=\"text-editor.default\">\n\t\t\t\t<div class=\"elementor-widget-container\">\n\t\t\t\t\t\t\t\t\t<p>Play Your Talent repr\u00e6senterer et ledelses- og udviklingsv\u00e6rkt\u00f8j, der dynamisk aktiverer b\u00e5de lederes og medarbejderes talenter, hvilket dokumenterbart resulterer i en op til seks gange for\u00f8get produktivitet og motivation. &#8211; og s\u00e5 er det underholdende og sjovt samtidligt.<\/p><p>Den nyskabende tilgang i Play Your Talent er forankret i principperne af gamification hvor systemet forenkler arbejdet med strategier, talentudvikling, m\u00e5ls\u00e6tninger og resultater p\u00e5 en enkel, operationel og motiverende m\u00e5de.<\/p><p>Metoden inviterer brugerne ind i et underholdende og interaktivt f\u00e6lles univers p\u00e5 arbejdspladsen, alt imens forandringen l\u00f8bende tr\u00e6nes og implementeres i arbejdsgange og arbejdskulturerne.<\/p><p>Det statistiske datagrundlag, der bliver synligt i systemet, g\u00f8r det muligt at lave en demokratisk kvantitativ analyse af talentpotentialet hos den enkelte i virksomheden. Data og resultater fra systemet giver en v\u00e6rdifuld indsigt og kan efterf\u00f8lgende bruges til at validere og m\u00e5le talentmassen, for til slut at kunne s\u00e6tte talenterne mere effektivt i spil.<\/p><p>Samtidig dokumenterer systemet al udvikling og synligg\u00f8r, hvor der b\u00f8r s\u00e6ttes ind for at\u00a0optimere opgavel\u00f8sning i teams og\u00a0\u00f8ge fremdriften i virksomheden.<\/p><p>Resultatet ved brug af Play Your Talent er : at den enkelte oplever langt st\u00f8rre rummelighed og forst\u00e5else og f\u00e5r et markant l\u00f8ft, samtidig med at stress og rastl\u00f8shed reduceres gevaldigt &#8211; da det i bund og grund er dr\u00e6nende og \u00f8del\u00e6ggende for mennesker, ikke at udnytte deres talenter.\u00a0Systemet er skabt med det form\u00e5l at booste faktorer som arbejdsgl\u00e6de, motivation og effektivitet, samt at udvikle talenter, mindske stress og skabe rammen for optimal rekruttering.<br \/>Det er nemt og hurtigt at komme igang med talentudvikling p\u00e5 denne m\u00e5de og giver en v\u00e6rdifuld indsigt i kulturen, og\u00a0hvordan man kan optimere samarbejdet.<\/p><p>Play Your Talent henvender sig til: virksomhedsledere, teamledere, HR-managers, coaches, konsulenter, undervisere, rekruttering, uddannelsessystemet.<\/p><p>Systemet er fleksibelt og er udviklet som et API (Application Programming Interface), der nemt kan interageres og underst\u00f8ttes af andre systemer.<\/p><p>\u00a0<\/p><p>L\u00e6s mere om selve systemet under: <a href=\"https:\/\/www.playyourtalent.com\/funktionalitet\/\">Funktionalitet<\/a><\/p>\t\t\t\t\t\t\t\t<\/div>\n\t\t\t\t<\/div>\n\t\t\t\t\t<\/div>\n\t\t<\/div>\n\t\t\t\t\t<\/div>\n\t\t<\/section>\n\t\t\t\t<section class=\"elementor-section elementor-top-section elementor-element elementor-element-cf69ece elementor-section-boxed elementor-section-height-default elementor-section-height-default\" data-id=\"cf69ece\" data-element_type=\"section\" data-e-type=\"section\" data-settings=\"{&quot;background_background&quot;:&quot;classic&quot;}\">\n\t\t\t\t\t\t<div class=\"elementor-container elementor-column-gap-default\">\n\t\t\t\t\t<div class=\"elementor-column elementor-col-50 elementor-top-column elementor-element elementor-element-a07dfaa\" data-id=\"a07dfaa\" data-element_type=\"column\" data-e-type=\"column\">\n\t\t\t<div class=\"elementor-widget-wrap elementor-element-populated\">\n\t\t\t\t\t\t<div class=\"elementor-element elementor-element-c3366b9 elementor-widget__width-initial elementor-widget elementor-widget-text-editor\" data-id=\"c3366b9\" data-element_type=\"widget\" data-e-type=\"widget\" data-widget_type=\"text-editor.default\">\n\t\t\t\t<div class=\"elementor-widget-container\">\n\t\t\t\t\t\t\t\t\t<h2><strong>Teoretisk udgangspunkt<\/strong><\/h2><p>Metoden i Play Your Talent er af den overbevisning, at alle mennesker har talenter \u2013 noget de er s\u00e6rligt gode til. B\u00e5de hjerneforskning, psykologiske teorier og personlighedstest peger p\u00e5, at mennesker har udviklet s\u00e6rlige pr\u00e6ferencer, styrker og talenter p\u00e5 forskellige omr\u00e5der gennem opv\u00e6ksten, og at det betyder noget for b\u00e5de motivation, effektivitet og drive-faktor hos mennesker, at de s\u00e6tter deres styrker og talenter i spil.<\/p><p>Hvordan skal talentbegrebet\u00a0forst\u00e5s i denne metode?<strong><br \/><\/strong>Talentbegrebet er en kobling af erfaringer, pr\u00e6ferencer og styrker. Det man har talent for, er noget man har udviklet gennem opv\u00e6ksten \u2013 det er noget man har \u00f8vet og styrket mere eller mindre ubevidst i mange timer og i mange \u00e5r.<\/p>\t\t\t\t\t\t\t\t<\/div>\n\t\t\t\t<\/div>\n\t\t\t\t\t<\/div>\n\t\t<\/div>\n\t\t\t\t<div class=\"elementor-column elementor-col-50 elementor-top-column elementor-element elementor-element-7ddbed2\" data-id=\"7ddbed2\" data-element_type=\"column\" data-e-type=\"column\">\n\t\t\t<div class=\"elementor-widget-wrap elementor-element-populated\">\n\t\t\t\t\t\t<div class=\"elementor-element elementor-element-7488aee elementor-widget elementor-widget-text-editor\" data-id=\"7488aee\" data-element_type=\"widget\" data-e-type=\"widget\" data-widget_type=\"text-editor.default\">\n\t\t\t\t<div class=\"elementor-widget-container\">\n\t\t\t\t\t\t\t\t\t<p>Inddrager man hjerneforskning, NLPs (neurolingvistisk programmering) teoretiske tilgang og PHD doktor Britt Andreatta i forst\u00e5elsen af talentbegrebet, findes der en simpel m\u00e5de at l\u00e6re og forst\u00e5 terminologien p\u00e5:Neuronerne og forbindelserne i hjernen formes gennem stimulering, hvilket skaber &#8220;motorveje&#8221; som vi kan kalde for vores top talenter. Stimuleres man ikke, dannes disse neuroner og forbindelser i mindre grad og kan betegnes som &#8220;non&#8221; talenter og blindspots.\u00a0 Ofte f\u00e5r man energi af at bruge sine top talenter mister sin energi n\u00e5r man bruger sine &#8220;non&#8221; talenter for l\u00e6nge af gange.\u00a0 Vores grundteoretiske udgangspunkt l\u00e6ner sig op ad mod Gallups Strenght Finder:\u00a0 <a href=\"https:\/\/news.gallup.com\/businessjournal\/412\/exactly-what-talent-anyway.aspx\" target=\"_blank\" rel=\"noopener\">https:\/\/news.gallup.com\/businessjournal\/412\/exactly-what-talent-anyway.aspx<\/a><\/p>\t\t\t\t\t\t\t\t<\/div>\n\t\t\t\t<\/div>\n\t\t\t\t\t<\/div>\n\t\t<\/div>\n\t\t\t\t\t<\/div>\n\t\t<\/section>\n\t\t\t\t<section class=\"elementor-section elementor-top-section elementor-element elementor-element-797f1545 elementor-section-stretched elementor-section-content-middle elementor-section-boxed elementor-section-height-default elementor-section-height-default\" data-id=\"797f1545\" data-element_type=\"section\" data-e-type=\"section\" data-settings=\"{&quot;stretch_section&quot;:&quot;section-stretched&quot;,&quot;background_background&quot;:&quot;classic&quot;}\">\n\t\t\t\t\t\t<div class=\"elementor-container elementor-column-gap-default\">\n\t\t\t\t\t<div class=\"elementor-column elementor-col-50 elementor-top-column elementor-element elementor-element-1ccb644\" data-id=\"1ccb644\" data-element_type=\"column\" data-e-type=\"column\">\n\t\t\t<div class=\"elementor-widget-wrap elementor-element-populated\">\n\t\t\t\t\t\t<div class=\"elementor-element elementor-element-3faf25a elementor-widget elementor-widget-heading\" data-id=\"3faf25a\" data-element_type=\"widget\" data-e-type=\"widget\" data-widget_type=\"heading.default\">\n\t\t\t\t<div class=\"elementor-widget-container\">\n\t\t\t\t\t<h2 class=\"elementor-heading-title elementor-size-small\">Forskning &amp; Referencer<\/h2>\t\t\t\t<\/div>\n\t\t\t\t<\/div>\n\t\t\t\t<div class=\"elementor-element elementor-element-5339a85f elementor-widget elementor-widget-text-editor\" data-id=\"5339a85f\" data-element_type=\"widget\" data-e-type=\"widget\" data-widget_type=\"text-editor.default\">\n\t\t\t\t<div class=\"elementor-widget-container\">\n\t\t\t\t\t\t\t\t\t<ul><li><span style=\"font-weight: 400;\">What it the culture of learning, neuroscience of teams\u201d. <\/span><em><span style=\"font-weight: 400;\">Britt Andreatta, PhD Neuroscience.<\/span><\/em><\/li><li><span style=\"font-weight: 400;\">Gallup<\/span><\/li><li><span style=\"font-weight: 400;\">FIRST BREAK ALL THE RULES. <\/span><em><span style=\"font-weight: 400;\">Marcus Buckingham &amp; Curt Coffman<\/span><\/em><\/li><li style=\"font-weight: 400;\" aria-level=\"1\"><span style=\"font-weight: 400;\">Talentudvikling i Praksis. <\/span><em><span style=\"font-weight: 400;\">Birgitte Andersen, Christina Gr\u00f8nbeck, Helle Lindegaard og Birthe Helbo Mortensen<\/span><\/em><\/li><li style=\"font-weight: 400;\" aria-level=\"1\"><span style=\"font-weight: 400;\">Positivitet \u2013 kilder til v\u00e6kst <\/span><em><span style=\"font-weight: 400;\">Barbara L. Fredericksson<\/span><\/em><\/li><li style=\"font-weight: 400;\" aria-level=\"1\"><span style=\"font-weight: 400;\">Kn\u00e6k talentkoden <\/span><em><span style=\"font-weight: 400;\">Rasmus Ankersen\u00a0<\/span><\/em><\/li><li aria-level=\"1\"><span style=\"font-weight: 400;\">Jytte fra marketing er desv\u00e6rre g\u00e5et for i dag <\/span><em><span style=\"font-weight: 400;\">(2017) af Morten M\u00fcnster\u00a0<\/span><\/em><\/li><li style=\"font-weight: 400;\" aria-level=\"1\"><span style=\"font-weight: 400;\">Ledetr\u00e5de &#8211; meningsskabende v\u00e6rdiledelse <\/span><em><span style=\"font-weight: 400;\">(2018) af Helle Hedegaard Hein<\/span><\/em><\/li><li style=\"font-weight: 400;\" aria-level=\"1\"><span style=\"font-weight: 400;\">Thinking fast and slow <\/span><em><span style=\"font-weight: 400;\">(2011) af Daniel Kahneman nobelprismodtager i \u00f8konomi<\/span><\/em><\/li><li style=\"font-weight: 400;\" aria-level=\"1\"><span style=\"font-weight: 400;\">Adf\u00e6rds\u00f8konomi &#8211; hvordan man afsl\u00f8rede det ufornuftige menneske <\/span><em><span style=\"font-weight: 400;\">(2018) af Richard Thaler &#8211; nobelprismodtager i \u00f8konomi<\/span><\/em><\/li><\/ul>\t\t\t\t\t\t\t\t<\/div>\n\t\t\t\t<\/div>\n\t\t\t\t\t<\/div>\n\t\t<\/div>\n\t\t\t\t<div class=\"elementor-column elementor-col-50 elementor-top-column elementor-element elementor-element-1d0b1880\" data-id=\"1d0b1880\" data-element_type=\"column\" data-e-type=\"column\">\n\t\t\t<div class=\"elementor-widget-wrap elementor-element-populated\">\n\t\t\t\t\t\t<div class=\"elementor-element elementor-element-e0d2da2 elementor-widget elementor-widget-image\" data-id=\"e0d2da2\" data-element_type=\"widget\" data-e-type=\"widget\" data-widget_type=\"image.default\">\n\t\t\t\t<div class=\"elementor-widget-container\">\n\t\t\t\t\t\t\t\t\t\t\t\t\t\t\t\t<a href=\"https:\/\/www.playyourtalent.com\/wp-content\/uploads\/2021\/11\/Screenshot-2021-11-15-at-15.47.53.png\" data-elementor-open-lightbox=\"yes\" data-elementor-lightbox-title=\"Screenshot 2021-11-15 at 15.47.53\" data-e-action-hash=\"#elementor-action%3Aaction%3Dlightbox%26settings%3DeyJpZCI6MTY3OTgsInVybCI6Imh0dHBzOlwvXC93d3cucGxheXlvdXJ0YWxlbnQuY29tXC93cC1jb250ZW50XC91cGxvYWRzXC8yMDIxXC8xMVwvU2NyZWVuc2hvdC0yMDIxLTExLTE1LWF0LTE1LjQ3LjUzLnBuZyJ9\">\n\t\t\t\t\t\t\t<img fetchpriority=\"high\" decoding=\"async\" width=\"800\" height=\"514\" src=\"https:\/\/www.playyourtalent.com\/wp-content\/uploads\/2021\/11\/Screenshot-2021-11-15-at-15.47.53-1024x658.png\" class=\"attachment-large size-large wp-image-16798\" alt=\"\" srcset=\"https:\/\/www.playyourtalent.com\/wp-content\/uploads\/2021\/11\/Screenshot-2021-11-15-at-15.47.53-1024x658.png 1024w, https:\/\/www.playyourtalent.com\/wp-content\/uploads\/2021\/11\/Screenshot-2021-11-15-at-15.47.53-600x386.png 600w, https:\/\/www.playyourtalent.com\/wp-content\/uploads\/2021\/11\/Screenshot-2021-11-15-at-15.47.53-300x193.png 300w, https:\/\/www.playyourtalent.com\/wp-content\/uploads\/2021\/11\/Screenshot-2021-11-15-at-15.47.53-768x494.png 768w, https:\/\/www.playyourtalent.com\/wp-content\/uploads\/2021\/11\/Screenshot-2021-11-15-at-15.47.53-560x360.png 560w, https:\/\/www.playyourtalent.com\/wp-content\/uploads\/2021\/11\/Screenshot-2021-11-15-at-15.47.53.png 1440w\" sizes=\"(max-width: 800px) 100vw, 800px\" \/>\t\t\t\t\t\t\t\t<\/a>\n\t\t\t\t\t\t\t\t\t\t\t\t\t\t\t<\/div>\n\t\t\t\t<\/div>\n\t\t\t\t\t<\/div>\n\t\t<\/div>\n\t\t\t\t\t<\/div>\n\t\t<\/section>\n\t\t\t\t<\/div>\n\t\t","protected":false},"excerpt":{"rendered":"<p>Teoretisk baggrund Play Your Talent repr\u00e6senterer et ledelses- og udviklingsv\u00e6rkt\u00f8j, der dynamisk aktiverer b\u00e5de lederes og medarbejderes talenter, hvilket dokumenterbart resulterer i en op til seks gange for\u00f8get produktivitet og [&hellip;]<\/p>\n","protected":false},"author":21032123,"featured_media":0,"parent":0,"menu_order":0,"comment_status":"closed","ping_status":"closed","template":"","meta":{"content-type":"","inline_featured_image":false,"footnotes":""},"class_list":["post-17649","page","type-page","status-publish","hentry"],"_links":{"self":[{"href":"https:\/\/www.playyourtalent.com\/da\/wp-json\/wp\/v2\/pages\/17649","targetHints":{"allow":["GET"]}}],"collection":[{"href":"https:\/\/www.playyourtalent.com\/da\/wp-json\/wp\/v2\/pages"}],"about":[{"href":"https:\/\/www.playyourtalent.com\/da\/wp-json\/wp\/v2\/types\/page"}],"author":[{"embeddable":true,"href":"https:\/\/www.playyourtalent.com\/da\/wp-json\/wp\/v2\/users\/21032123"}],"replies":[{"embeddable":true,"href":"https:\/\/www.playyourtalent.com\/da\/wp-json\/wp\/v2\/comments?post=17649"}],"version-history":[{"count":7,"href":"https:\/\/www.playyourtalent.com\/da\/wp-json\/wp\/v2\/pages\/17649\/revisions"}],"predecessor-version":[{"id":17656,"href":"https:\/\/www.playyourtalent.com\/da\/wp-json\/wp\/v2\/pages\/17649\/revisions\/17656"}],"wp:attachment":[{"href":"https:\/\/www.playyourtalent.com\/da\/wp-json\/wp\/v2\/media?parent=17649"}],"curies":[{"name":"wp","href":"https:\/\/api.w.org\/{rel}","templated":true}]}}