{"id":17635,"date":"2019-11-10T22:01:59","date_gmt":"2019-11-10T21:01:59","guid":{"rendered":"https:\/\/www.playyourtalent.com\/?page_id=17635"},"modified":"2025-08-07T09:19:05","modified_gmt":"2025-08-07T07:19:05","slug":"teamet","status":"publish","type":"page","link":"https:\/\/www.playyourtalent.com\/da\/teamet\/","title":{"rendered":"Vision"},"content":{"rendered":"\t\t<div data-elementor-type=\"wp-post\" data-elementor-id=\"17635\" class=\"elementor elementor-17635 elementor-6096\" data-elementor-post-type=\"page\">\n\t\t\t\t\t\t<section class=\"elementor-section elementor-top-section elementor-element elementor-element-3346f095 elementor-section-stretched elementor-section-full_width elementor-section-height-min-height elementor-section-content-middle elementor-section-height-default elementor-section-items-middle\" data-id=\"3346f095\" data-element_type=\"section\" data-e-type=\"section\" data-settings=\"{&quot;stretch_section&quot;:&quot;section-stretched&quot;,&quot;background_background&quot;:&quot;classic&quot;}\">\n\t\t\t\t\t\t<div class=\"elementor-container elementor-column-gap-default\">\n\t\t\t\t\t<div class=\"elementor-column elementor-col-33 elementor-top-column elementor-element elementor-element-41d0155b\" data-id=\"41d0155b\" data-element_type=\"column\" data-e-type=\"column\">\n\t\t\t<div class=\"elementor-widget-wrap\">\n\t\t\t\t\t\t\t<\/div>\n\t\t<\/div>\n\t\t\t\t<div class=\"elementor-column elementor-col-33 elementor-top-column elementor-element elementor-element-6006993c\" data-id=\"6006993c\" data-element_type=\"column\" data-e-type=\"column\">\n\t\t\t<div class=\"elementor-widget-wrap elementor-element-populated\">\n\t\t\t\t\t\t<div class=\"elementor-element elementor-element-5cb7b65f elementor-widget elementor-widget-spacer\" data-id=\"5cb7b65f\" data-element_type=\"widget\" data-e-type=\"widget\" data-widget_type=\"spacer.default\">\n\t\t\t\t<div class=\"elementor-widget-container\">\n\t\t\t\t\t\t\t<div class=\"elementor-spacer\">\n\t\t\t<div class=\"elementor-spacer-inner\"><\/div>\n\t\t<\/div>\n\t\t\t\t\t\t<\/div>\n\t\t\t\t<\/div>\n\t\t\t\t<div class=\"elementor-element elementor-element-62a463ba elementor-widget elementor-widget-video\" data-id=\"62a463ba\" data-element_type=\"widget\" data-e-type=\"widget\" data-settings=\"{&quot;youtube_url&quot;:&quot;https:\\\/\\\/youtu.be\\\/tgVeUpcJZIA&quot;,&quot;show_image_overlay&quot;:&quot;yes&quot;,&quot;image_overlay&quot;:{&quot;url&quot;:&quot;https:\\\/\\\/www.playyourtalent.com\\\/wp-content\\\/uploads\\\/2022\\\/01\\\/PYT_thumbnail_video.png&quot;,&quot;id&quot;:&quot;&quot;,&quot;size&quot;:&quot;&quot;,&quot;source&quot;:&quot;url&quot;,&quot;alt&quot;:&quot;&quot;},&quot;video_type&quot;:&quot;youtube&quot;}\" data-widget_type=\"video.default\">\n\t\t\t\t<div class=\"elementor-widget-container\">\n\t\t\t\t\t\t\t<div class=\"elementor-wrapper elementor-open-inline\">\n\t\t\t<div class=\"elementor-video\"><\/div>\t\t\t\t<div class=\"elementor-custom-embed-image-overlay\" style=\"background-image: url(https:\/\/www.playyourtalent.com\/wp-content\/uploads\/2022\/01\/PYT_thumbnail_video.png);\">\n\t\t\t\t\t\t\t\t\t\t\t\t\t\t\t\t<div class=\"elementor-custom-embed-play\" role=\"button\" aria-label=\"Afspil video\" tabindex=\"0\">\n\t\t\t\t\t\t\t<i aria-hidden=\"true\" class=\"eicon-play\"><\/i>\t\t\t\t\t\t<\/div>\n\t\t\t\t\t\t\t\t\t<\/div>\n\t\t\t\t\t<\/div>\n\t\t\t\t\t\t<\/div>\n\t\t\t\t<\/div>\n\t\t\t\t<div class=\"elementor-element elementor-element-103b8418 elementor-widget elementor-widget-spacer\" data-id=\"103b8418\" data-element_type=\"widget\" data-e-type=\"widget\" data-widget_type=\"spacer.default\">\n\t\t\t\t<div class=\"elementor-widget-container\">\n\t\t\t\t\t\t\t<div class=\"elementor-spacer\">\n\t\t\t<div class=\"elementor-spacer-inner\"><\/div>\n\t\t<\/div>\n\t\t\t\t\t\t<\/div>\n\t\t\t\t<\/div>\n\t\t\t\t\t<\/div>\n\t\t<\/div>\n\t\t\t\t<div class=\"elementor-column elementor-col-33 elementor-top-column elementor-element elementor-element-40cdb251\" data-id=\"40cdb251\" data-element_type=\"column\" data-e-type=\"column\">\n\t\t\t<div class=\"elementor-widget-wrap\">\n\t\t\t\t\t\t\t<\/div>\n\t\t<\/div>\n\t\t\t\t\t<\/div>\n\t\t<\/section>\n\t\t<div class=\"elementor-element elementor-element-35dbb191 e-flex e-con-boxed e-con e-parent\" data-id=\"35dbb191\" data-element_type=\"container\" data-e-type=\"container\" data-settings=\"{&quot;background_background&quot;:&quot;classic&quot;}\">\n\t\t\t\t\t<div class=\"e-con-inner\">\n\t\t<div class=\"elementor-element elementor-element-78a40d5f e-con-full e-flex e-con e-child\" data-id=\"78a40d5f\" data-element_type=\"container\" data-e-type=\"container\">\n\t\t<div class=\"elementor-element elementor-element-17db7d2b e-con-full e-flex e-con e-child\" data-id=\"17db7d2b\" data-element_type=\"container\" data-e-type=\"container\">\n\t\t\t\t<div class=\"elementor-element elementor-element-649704a9 elementor-widget elementor-widget-heading\" data-id=\"649704a9\" data-element_type=\"widget\" data-e-type=\"widget\" data-widget_type=\"heading.default\">\n\t\t\t\t<div class=\"elementor-widget-container\">\n\t\t\t\t\t<h2 class=\"elementor-heading-title elementor-size-default\">Virksomhedens vision og m\u00e5l\u200b<\/h2>\t\t\t\t<\/div>\n\t\t\t\t<\/div>\n\t\t\t\t<div class=\"elementor-element elementor-element-7fb4d505 elementor-widget elementor-widget-text-editor\" data-id=\"7fb4d505\" data-element_type=\"widget\" data-e-type=\"widget\" data-widget_type=\"text-editor.default\">\n\t\t\t\t<div class=\"elementor-widget-container\">\n\t\t\t\t\t\t\t\t\t<p data-start=\"152\" data-end=\"562\">Hos Play Your Talent er missionen at v\u00e6re en gamechanger i erhvervslivet og p\u00e5 uddannelses omr\u00e5det.<\/p><p data-start=\"152\" data-end=\"562\">Vi gent\u00e6nker m\u00e5den, vi arbejder strategisk med mennesker p\u00e5 \u2013 for at skabe nye og st\u00e6rkere rammer, hvor medarbejdere trives og pr\u00e6sterer gennem deres unikke talenter.<\/p><p data-start=\"564\" data-end=\"815\">Alle vores programmer er udviklet med \u00e9t klart form\u00e5l: at st\u00f8tte og styrke virksomhedens v\u00e6kst \u2013 b\u00e5de menneskeligt og forretningsm\u00e6ssigt.<\/p><p data-start=\"564\" data-end=\"815\">Vi arbejder ud fra simple og effektive metoder, der er nemme at implementere og som skaber st\u00e6rke resultater i hverdagen.<\/p><p data-start=\"817\" data-end=\"1019\">Samtidig arbejder vi for at p\u00e5virke fremtidens uddannelses- og skolesystem, med underst\u00f8ttende v\u00e6rkt\u00f8jer, som fordrer en b\u00e6redygtig karriere og identitetsudvikling.\u00a0<\/p>\t\t\t\t\t\t\t\t<\/div>\n\t\t\t\t<\/div>\n\t\t\t\t<div class=\"elementor-element elementor-element-90208db elementor-widget elementor-widget-button\" data-id=\"90208db\" data-element_type=\"widget\" data-e-type=\"widget\" data-widget_type=\"button.default\">\n\t\t\t\t<div class=\"elementor-widget-container\">\n\t\t\t\t\t\t\t\t\t<div class=\"elementor-button-wrapper\">\n\t\t\t\t\t<a class=\"elementor-button elementor-button-link elementor-size-sm\" href=\"https:\/\/irisengelund.dk\/da\/homepage-main\/\" target=\"_blank\" rel=\"noopener\">\n\t\t\t\t\t\t<span class=\"elementor-button-content-wrapper\">\n\t\t\t\t\t\t\t\t\t<span class=\"elementor-button-text\">L\u00e6s mere om Iris Engelund<\/span>\n\t\t\t\t\t<\/span>\n\t\t\t\t\t<\/a>\n\t\t\t\t<\/div>\n\t\t\t\t\t\t\t\t<\/div>\n\t\t\t\t<\/div>\n\t\t\t\t<\/div>\n\t\t<div class=\"elementor-element elementor-element-3106de5 e-con-full e-flex e-con e-child\" data-id=\"3106de5\" data-element_type=\"container\" data-e-type=\"container\">\n\t\t\t\t<div class=\"elementor-element elementor-element-5d803c2 elementor-widget elementor-widget-image\" data-id=\"5d803c2\" data-element_type=\"widget\" data-e-type=\"widget\" data-widget_type=\"image.default\">\n\t\t\t\t<div class=\"elementor-widget-container\">\n\t\t\t\t\t\t\t\t\t\t\t\t\t\t\t<img fetchpriority=\"high\" decoding=\"async\" width=\"480\" height=\"640\" src=\"https:\/\/www.playyourtalent.com\/wp-content\/uploads\/2025\/08\/Unknown-24.jpeg\" class=\"attachment-1536x1536 size-1536x1536 wp-image-20815\" alt=\"\" srcset=\"https:\/\/www.playyourtalent.com\/wp-content\/uploads\/2025\/08\/Unknown-24.jpeg 480w, https:\/\/www.playyourtalent.com\/wp-content\/uploads\/2025\/08\/Unknown-24-225x300.jpeg 225w\" sizes=\"(max-width: 480px) 100vw, 480px\" \/>\t\t\t\t\t\t\t\t\t\t\t\t\t\t\t<\/div>\n\t\t\t\t<\/div>\n\t\t\t\t<\/div>\n\t\t\t\t<\/div>\n\t\t\t\t\t<\/div>\n\t\t\t\t<\/div>\n\t\t\t\t<section class=\"elementor-section elementor-top-section elementor-element elementor-element-1998f6fc elementor-section-boxed elementor-section-height-default elementor-section-height-default\" data-id=\"1998f6fc\" data-element_type=\"section\" data-e-type=\"section\">\n\t\t\t\t\t\t<div class=\"elementor-container elementor-column-gap-default\">\n\t\t\t\t\t<div class=\"elementor-column elementor-col-100 elementor-top-column elementor-element elementor-element-6ee278\" data-id=\"6ee278\" data-element_type=\"column\" data-e-type=\"column\">\n\t\t\t<div class=\"elementor-widget-wrap elementor-element-populated\">\n\t\t\t\t\t\t<div class=\"elementor-element elementor-element-5b5ecd31 elementor-widget elementor-widget-heading\" data-id=\"5b5ecd31\" data-element_type=\"widget\" data-e-type=\"widget\" data-widget_type=\"heading.default\">\n\t\t\t\t<div class=\"elementor-widget-container\">\n\t\t\t\t\t<h2 class=\"elementor-heading-title elementor-size-default\">Vi arbejder med verdensm\u00e5lene:<\/h2>\t\t\t\t<\/div>\n\t\t\t\t<\/div>\n\t\t\t\t\t<\/div>\n\t\t<\/div>\n\t\t\t\t\t<\/div>\n\t\t<\/section>\n\t\t\t\t<section class=\"elementor-section elementor-top-section elementor-element elementor-element-5739aebc elementor-section-boxed elementor-section-height-default elementor-section-height-default\" data-id=\"5739aebc\" data-element_type=\"section\" data-e-type=\"section\">\n\t\t\t\t\t\t<div class=\"elementor-container elementor-column-gap-default\">\n\t\t\t\t\t<div class=\"elementor-column elementor-col-100 elementor-top-column elementor-element elementor-element-692a8053\" data-id=\"692a8053\" data-element_type=\"column\" data-e-type=\"column\">\n\t\t\t<div class=\"elementor-widget-wrap elementor-element-populated\">\n\t\t\t\t\t\t<section class=\"elementor-section elementor-inner-section elementor-element elementor-element-7d1b66b3 elementor-section-boxed elementor-section-height-default elementor-section-height-default\" data-id=\"7d1b66b3\" data-element_type=\"section\" data-e-type=\"section\">\n\t\t\t\t\t\t<div class=\"elementor-container elementor-column-gap-default\">\n\t\t\t\t\t<div class=\"elementor-column elementor-col-25 elementor-inner-column elementor-element elementor-element-40de6d47\" data-id=\"40de6d47\" data-element_type=\"column\" data-e-type=\"column\">\n\t\t\t<div class=\"elementor-widget-wrap elementor-element-populated\">\n\t\t\t\t\t\t<div class=\"elementor-element elementor-element-1b66bb9b elementor-widget elementor-widget-image\" data-id=\"1b66bb9b\" data-element_type=\"widget\" data-e-type=\"widget\" data-widget_type=\"image.default\">\n\t\t\t\t<div class=\"elementor-widget-container\">\n\t\t\t\t\t\t\t\t\t\t\t\t\t\t\t<img decoding=\"async\" width=\"150\" height=\"150\" src=\"https:\/\/www.playyourtalent.com\/wp-content\/uploads\/2022\/05\/Verdensmaal-ikon-03-150x150.png\" class=\"attachment-thumbnail size-thumbnail wp-image-16819\" alt=\"\" srcset=\"https:\/\/www.playyourtalent.com\/wp-content\/uploads\/2022\/05\/Verdensmaal-ikon-03-150x150.png 150w, https:\/\/www.playyourtalent.com\/wp-content\/uploads\/2022\/05\/Verdensmaal-ikon-03-300x300.png 300w, https:\/\/www.playyourtalent.com\/wp-content\/uploads\/2022\/05\/Verdensmaal-ikon-03-100x100.png 100w, https:\/\/www.playyourtalent.com\/wp-content\/uploads\/2022\/05\/Verdensmaal-ikon-03-600x600.png 600w, https:\/\/www.playyourtalent.com\/wp-content\/uploads\/2022\/05\/Verdensmaal-ikon-03-1024x1024.png 1024w, https:\/\/www.playyourtalent.com\/wp-content\/uploads\/2022\/05\/Verdensmaal-ikon-03-768x768.png 768w, https:\/\/www.playyourtalent.com\/wp-content\/uploads\/2022\/05\/Verdensmaal-ikon-03-1536x1536.png 1536w, https:\/\/www.playyourtalent.com\/wp-content\/uploads\/2022\/05\/Verdensmaal-ikon-03-460x460.png 460w, https:\/\/www.playyourtalent.com\/wp-content\/uploads\/2022\/05\/Verdensmaal-ikon-03-560x560.png 560w, https:\/\/www.playyourtalent.com\/wp-content\/uploads\/2022\/05\/Verdensmaal-ikon-03-104x104.png 104w, https:\/\/www.playyourtalent.com\/wp-content\/uploads\/2022\/05\/Verdensmaal-ikon-03-260x260.png 260w, https:\/\/www.playyourtalent.com\/wp-content\/uploads\/2022\/05\/Verdensmaal-ikon-03-78x78.png 78w, https:\/\/www.playyourtalent.com\/wp-content\/uploads\/2022\/05\/Verdensmaal-ikon-03.png 1654w\" sizes=\"(max-width: 150px) 100vw, 150px\" \/>\t\t\t\t\t\t\t\t\t\t\t\t\t\t\t<\/div>\n\t\t\t\t<\/div>\n\t\t\t\t\t<\/div>\n\t\t<\/div>\n\t\t\t\t<div class=\"elementor-column elementor-col-25 elementor-inner-column elementor-element elementor-element-3ae63d6d\" data-id=\"3ae63d6d\" data-element_type=\"column\" data-e-type=\"column\">\n\t\t\t<div class=\"elementor-widget-wrap elementor-element-populated\">\n\t\t\t\t\t\t<div class=\"elementor-element elementor-element-626e278f elementor-widget elementor-widget-image\" data-id=\"626e278f\" data-element_type=\"widget\" data-e-type=\"widget\" data-widget_type=\"image.default\">\n\t\t\t\t<div class=\"elementor-widget-container\">\n\t\t\t\t\t\t\t\t\t\t\t\t\t\t\t<img decoding=\"async\" width=\"150\" height=\"150\" src=\"https:\/\/www.playyourtalent.com\/wp-content\/uploads\/2022\/05\/Verdensmaal-ikon-04-150x150.png\" class=\"attachment-thumbnail size-thumbnail wp-image-16820\" alt=\"\" srcset=\"https:\/\/www.playyourtalent.com\/wp-content\/uploads\/2022\/05\/Verdensmaal-ikon-04-150x150.png 150w, https:\/\/www.playyourtalent.com\/wp-content\/uploads\/2022\/05\/Verdensmaal-ikon-04-300x300.png 300w, https:\/\/www.playyourtalent.com\/wp-content\/uploads\/2022\/05\/Verdensmaal-ikon-04-100x100.png 100w, https:\/\/www.playyourtalent.com\/wp-content\/uploads\/2022\/05\/Verdensmaal-ikon-04-600x600.png 600w, https:\/\/www.playyourtalent.com\/wp-content\/uploads\/2022\/05\/Verdensmaal-ikon-04-1024x1024.png 1024w, https:\/\/www.playyourtalent.com\/wp-content\/uploads\/2022\/05\/Verdensmaal-ikon-04-768x768.png 768w, https:\/\/www.playyourtalent.com\/wp-content\/uploads\/2022\/05\/Verdensmaal-ikon-04-1536x1536.png 1536w, https:\/\/www.playyourtalent.com\/wp-content\/uploads\/2022\/05\/Verdensmaal-ikon-04-460x460.png 460w, https:\/\/www.playyourtalent.com\/wp-content\/uploads\/2022\/05\/Verdensmaal-ikon-04-560x560.png 560w, https:\/\/www.playyourtalent.com\/wp-content\/uploads\/2022\/05\/Verdensmaal-ikon-04-104x104.png 104w, https:\/\/www.playyourtalent.com\/wp-content\/uploads\/2022\/05\/Verdensmaal-ikon-04-260x260.png 260w, https:\/\/www.playyourtalent.com\/wp-content\/uploads\/2022\/05\/Verdensmaal-ikon-04-78x78.png 78w, https:\/\/www.playyourtalent.com\/wp-content\/uploads\/2022\/05\/Verdensmaal-ikon-04.png 1654w\" sizes=\"(max-width: 150px) 100vw, 150px\" \/>\t\t\t\t\t\t\t\t\t\t\t\t\t\t\t<\/div>\n\t\t\t\t<\/div>\n\t\t\t\t\t<\/div>\n\t\t<\/div>\n\t\t\t\t<div class=\"elementor-column elementor-col-25 elementor-inner-column elementor-element elementor-element-7172e2a6\" data-id=\"7172e2a6\" data-element_type=\"column\" data-e-type=\"column\">\n\t\t\t<div class=\"elementor-widget-wrap elementor-element-populated\">\n\t\t\t\t\t\t<div class=\"elementor-element elementor-element-6878ec5e elementor-widget elementor-widget-image\" data-id=\"6878ec5e\" data-element_type=\"widget\" data-e-type=\"widget\" data-widget_type=\"image.default\">\n\t\t\t\t<div class=\"elementor-widget-container\">\n\t\t\t\t\t\t\t\t\t\t\t\t\t\t\t<img loading=\"lazy\" decoding=\"async\" width=\"150\" height=\"150\" src=\"https:\/\/www.playyourtalent.com\/wp-content\/uploads\/2022\/05\/Verdensmaal-ikon-08-150x150.png\" class=\"attachment-thumbnail size-thumbnail wp-image-16821\" alt=\"\" srcset=\"https:\/\/www.playyourtalent.com\/wp-content\/uploads\/2022\/05\/Verdensmaal-ikon-08-150x150.png 150w, https:\/\/www.playyourtalent.com\/wp-content\/uploads\/2022\/05\/Verdensmaal-ikon-08-300x300.png 300w, https:\/\/www.playyourtalent.com\/wp-content\/uploads\/2022\/05\/Verdensmaal-ikon-08-100x100.png 100w, https:\/\/www.playyourtalent.com\/wp-content\/uploads\/2022\/05\/Verdensmaal-ikon-08-600x600.png 600w, https:\/\/www.playyourtalent.com\/wp-content\/uploads\/2022\/05\/Verdensmaal-ikon-08-1024x1024.png 1024w, https:\/\/www.playyourtalent.com\/wp-content\/uploads\/2022\/05\/Verdensmaal-ikon-08-768x768.png 768w, https:\/\/www.playyourtalent.com\/wp-content\/uploads\/2022\/05\/Verdensmaal-ikon-08-1536x1536.png 1536w, https:\/\/www.playyourtalent.com\/wp-content\/uploads\/2022\/05\/Verdensmaal-ikon-08-460x460.png 460w, https:\/\/www.playyourtalent.com\/wp-content\/uploads\/2022\/05\/Verdensmaal-ikon-08-560x560.png 560w, https:\/\/www.playyourtalent.com\/wp-content\/uploads\/2022\/05\/Verdensmaal-ikon-08-104x104.png 104w, https:\/\/www.playyourtalent.com\/wp-content\/uploads\/2022\/05\/Verdensmaal-ikon-08-260x260.png 260w, https:\/\/www.playyourtalent.com\/wp-content\/uploads\/2022\/05\/Verdensmaal-ikon-08-78x78.png 78w, https:\/\/www.playyourtalent.com\/wp-content\/uploads\/2022\/05\/Verdensmaal-ikon-08.png 1654w\" sizes=\"(max-width: 150px) 100vw, 150px\" \/>\t\t\t\t\t\t\t\t\t\t\t\t\t\t\t<\/div>\n\t\t\t\t<\/div>\n\t\t\t\t\t<\/div>\n\t\t<\/div>\n\t\t\t\t<div class=\"elementor-column elementor-col-25 elementor-inner-column elementor-element elementor-element-5e3028d1\" data-id=\"5e3028d1\" data-element_type=\"column\" data-e-type=\"column\">\n\t\t\t<div class=\"elementor-widget-wrap elementor-element-populated\">\n\t\t\t\t\t\t<div class=\"elementor-element elementor-element-5f71295a elementor-widget elementor-widget-image\" data-id=\"5f71295a\" data-element_type=\"widget\" data-e-type=\"widget\" data-widget_type=\"image.default\">\n\t\t\t\t<div class=\"elementor-widget-container\">\n\t\t\t\t\t\t\t\t\t\t\t\t\t\t\t<img loading=\"lazy\" decoding=\"async\" width=\"150\" height=\"150\" src=\"https:\/\/www.playyourtalent.com\/wp-content\/uploads\/2022\/05\/Verdensmaal-ikon-17-150x150.png\" class=\"attachment-thumbnail size-thumbnail wp-image-16818\" alt=\"\" srcset=\"https:\/\/www.playyourtalent.com\/wp-content\/uploads\/2022\/05\/Verdensmaal-ikon-17-150x150.png 150w, https:\/\/www.playyourtalent.com\/wp-content\/uploads\/2022\/05\/Verdensmaal-ikon-17-300x300.png 300w, https:\/\/www.playyourtalent.com\/wp-content\/uploads\/2022\/05\/Verdensmaal-ikon-17-100x100.png 100w, https:\/\/www.playyourtalent.com\/wp-content\/uploads\/2022\/05\/Verdensmaal-ikon-17-600x600.png 600w, https:\/\/www.playyourtalent.com\/wp-content\/uploads\/2022\/05\/Verdensmaal-ikon-17-1024x1024.png 1024w, https:\/\/www.playyourtalent.com\/wp-content\/uploads\/2022\/05\/Verdensmaal-ikon-17-768x768.png 768w, https:\/\/www.playyourtalent.com\/wp-content\/uploads\/2022\/05\/Verdensmaal-ikon-17-1536x1536.png 1536w, https:\/\/www.playyourtalent.com\/wp-content\/uploads\/2022\/05\/Verdensmaal-ikon-17-460x460.png 460w, https:\/\/www.playyourtalent.com\/wp-content\/uploads\/2022\/05\/Verdensmaal-ikon-17-560x560.png 560w, https:\/\/www.playyourtalent.com\/wp-content\/uploads\/2022\/05\/Verdensmaal-ikon-17-104x104.png 104w, https:\/\/www.playyourtalent.com\/wp-content\/uploads\/2022\/05\/Verdensmaal-ikon-17-260x260.png 260w, https:\/\/www.playyourtalent.com\/wp-content\/uploads\/2022\/05\/Verdensmaal-ikon-17-78x78.png 78w, https:\/\/www.playyourtalent.com\/wp-content\/uploads\/2022\/05\/Verdensmaal-ikon-17.png 1654w\" sizes=\"(max-width: 150px) 100vw, 150px\" \/>\t\t\t\t\t\t\t\t\t\t\t\t\t\t\t<\/div>\n\t\t\t\t<\/div>\n\t\t\t\t\t<\/div>\n\t\t<\/div>\n\t\t\t\t\t<\/div>\n\t\t<\/section>\n\t\t\t\t\t<\/div>\n\t\t<\/div>\n\t\t\t\t\t<\/div>\n\t\t<\/section>\n\t\t<div class=\"elementor-element elementor-element-77c29b1 e-flex e-con-boxed e-con e-parent\" data-id=\"77c29b1\" data-element_type=\"container\" data-e-type=\"container\">\n\t\t\t\t\t<div class=\"e-con-inner\">\n\t\t\t\t<div class=\"elementor-element elementor-element-4f35eb77 elementor-widget elementor-widget-image-carousel\" data-id=\"4f35eb77\" data-element_type=\"widget\" data-e-type=\"widget\" data-settings=\"{&quot;slides_to_show&quot;:&quot;5&quot;,&quot;navigation&quot;:&quot;none&quot;,&quot;autoplay_speed&quot;:0,&quot;speed&quot;:5000,&quot;image_spacing_custom&quot;:{&quot;unit&quot;:&quot;px&quot;,&quot;size&quot;:92,&quot;sizes&quot;:[]},&quot;autoplay&quot;:&quot;yes&quot;,&quot;infinite&quot;:&quot;yes&quot;,&quot;image_spacing_custom_tablet&quot;:{&quot;unit&quot;:&quot;px&quot;,&quot;size&quot;:&quot;&quot;,&quot;sizes&quot;:[]},&quot;image_spacing_custom_mobile&quot;:{&quot;unit&quot;:&quot;px&quot;,&quot;size&quot;:&quot;&quot;,&quot;sizes&quot;:[]}}\" data-widget_type=\"image-carousel.default\">\n\t\t\t\t<div class=\"elementor-widget-container\">\n\t\t\t\t\t\t\t<div class=\"elementor-image-carousel-wrapper swiper\" role=\"region\" aria-roledescription=\"carousel\" aria-label=\"Image Carousel\" dir=\"ltr\">\n\t\t\t<div class=\"elementor-image-carousel swiper-wrapper\" aria-live=\"off\">\n\t\t\t\t\t\t\t\t<div class=\"swiper-slide\" role=\"group\" aria-roledescription=\"slide\" aria-label=\"1 of 5\"><figure class=\"swiper-slide-inner\"><img decoding=\"async\" class=\"swiper-slide-image\" src=\"https:\/\/www.playyourtalent.com\/wp-content\/uploads\/2025\/01\/ronslev-logo.avif\" alt=\"ronslev-logo.avif\" \/><\/figure><\/div><div class=\"swiper-slide\" role=\"group\" aria-roledescription=\"slide\" aria-label=\"2 of 5\"><figure class=\"swiper-slide-inner\"><img decoding=\"async\" class=\"swiper-slide-image\" src=\"https:\/\/www.playyourtalent.com\/wp-content\/uploads\/2025\/01\/apc_logo.png\" alt=\"apc_logo.png\" \/><\/figure><\/div><div class=\"swiper-slide\" role=\"group\" aria-roledescription=\"slide\" aria-label=\"3 of 5\"><figure class=\"swiper-slide-inner\"><img decoding=\"async\" class=\"swiper-slide-image\" src=\"https:\/\/www.playyourtalent.com\/wp-content\/uploads\/2025\/01\/doculogo-6.svg\" alt=\"doculogo-6.svg\" \/><\/figure><\/div><div class=\"swiper-slide\" role=\"group\" aria-roledescription=\"slide\" aria-label=\"4 of 5\"><figure class=\"swiper-slide-inner\"><img decoding=\"async\" class=\"swiper-slide-image\" src=\"https:\/\/www.playyourtalent.com\/wp-content\/uploads\/2025\/01\/logo-byggefakta-plum.svg\" alt=\"logo-byggefakta-plum.svg\" \/><\/figure><\/div><div class=\"swiper-slide\" role=\"group\" aria-roledescription=\"slide\" aria-label=\"5 of 5\"><figure class=\"swiper-slide-inner\"><img decoding=\"async\" class=\"swiper-slide-image\" src=\"https:\/\/www.playyourtalent.com\/wp-content\/uploads\/2025\/01\/mycruise_logo.png\" alt=\"mycruise_logo.png\" \/><\/figure><\/div>\t\t\t<\/div>\n\t\t\t\t\t\t\t\n\t\t\t\t\t\t\t\t\t<\/div>\n\t\t\t\t\t\t<\/div>\n\t\t\t\t<\/div>\n\t\t\t\t\t<\/div>\n\t\t\t\t<\/div>\n\t\t\t\t<\/div>\n\t\t","protected":false},"excerpt":{"rendered":"<p>Virksomhedens vision og m\u00e5l\u200b Hos Play Your Talent er missionen at v\u00e6re en gamechanger i erhvervslivet og p\u00e5 uddannelses omr\u00e5det. Vi gent\u00e6nker m\u00e5den, vi arbejder strategisk med mennesker p\u00e5 \u2013 [&hellip;]<\/p>\n","protected":false},"author":21032123,"featured_media":0,"parent":0,"menu_order":0,"comment_status":"closed","ping_status":"closed","template":"elementor_header_footer","meta":{"content-type":"","inline_featured_image":false,"footnotes":""},"class_list":["post-17635","page","type-page","status-publish","hentry"],"_links":{"self":[{"href":"https:\/\/www.playyourtalent.com\/da\/wp-json\/wp\/v2\/pages\/17635","targetHints":{"allow":["GET"]}}],"collection":[{"href":"https:\/\/www.playyourtalent.com\/da\/wp-json\/wp\/v2\/pages"}],"about":[{"href":"https:\/\/www.playyourtalent.com\/da\/wp-json\/wp\/v2\/types\/page"}],"author":[{"embeddable":true,"href":"https:\/\/www.playyourtalent.com\/da\/wp-json\/wp\/v2\/users\/21032123"}],"replies":[{"embeddable":true,"href":"https:\/\/www.playyourtalent.com\/da\/wp-json\/wp\/v2\/comments?post=17635"}],"version-history":[{"count":33,"href":"https:\/\/www.playyourtalent.com\/da\/wp-json\/wp\/v2\/pages\/17635\/revisions"}],"predecessor-version":[{"id":20871,"href":"https:\/\/www.playyourtalent.com\/da\/wp-json\/wp\/v2\/pages\/17635\/revisions\/20871"}],"wp:attachment":[{"href":"https:\/\/www.playyourtalent.com\/da\/wp-json\/wp\/v2\/media?parent=17635"}],"curies":[{"name":"wp","href":"https:\/\/api.w.org\/{rel}","templated":true}]}}