{"id":17617,"date":"2022-11-05T09:16:58","date_gmt":"2022-11-05T08:16:58","guid":{"rendered":"https:\/\/www.playyourtalent.com\/?page_id=17617"},"modified":"2026-04-20T13:53:39","modified_gmt":"2026-04-20T11:53:39","slug":"talent-checkin-samtalen","status":"publish","type":"page","link":"https:\/\/www.playyourtalent.com\/da\/talent-checkin-samtalen\/","title":{"rendered":"M3-samtalen"},"content":{"rendered":"\t\t<div data-elementor-type=\"wp-page\" data-elementor-id=\"17617\" class=\"elementor elementor-17617 elementor-10237\" data-elementor-post-type=\"page\">\n\t\t\t\t<div class=\"elementor-element elementor-element-73111428 e-con-full e-flex e-con e-parent\" data-id=\"73111428\" data-element_type=\"container\" data-e-type=\"container\" data-settings=\"{&quot;background_background&quot;:&quot;classic&quot;}\">\n\t\t<div class=\"elementor-element elementor-element-797c26f e-flex e-con-boxed e-con e-child\" data-id=\"797c26f\" data-element_type=\"container\" data-e-type=\"container\">\n\t\t\t\t\t<div class=\"e-con-inner\">\n\t\t<div class=\"elementor-element elementor-element-5c65aae e-con-full e-flex e-con e-child\" data-id=\"5c65aae\" data-element_type=\"container\" data-e-type=\"container\">\n\t\t\t\t<div class=\"elementor-element elementor-element-4ec75172 elementor-widget elementor-widget-heading\" data-id=\"4ec75172\" data-element_type=\"widget\" data-e-type=\"widget\" data-widget_type=\"heading.default\">\n\t\t\t\t<div class=\"elementor-widget-container\">\n\t\t\t\t\t<span class=\"elementor-heading-title elementor-size-default\">Implementering<\/span>\t\t\t\t<\/div>\n\t\t\t\t<\/div>\n\t\t\t\t<div class=\"elementor-element elementor-element-16445857 elementor-widget elementor-widget-heading\" data-id=\"16445857\" data-element_type=\"widget\" data-e-type=\"widget\" data-widget_type=\"heading.default\">\n\t\t\t\t<div class=\"elementor-widget-container\">\n\t\t\t\t\t<h1 class=\"elementor-heading-title elementor-size-default\">Digitale talent check-ins<\/h1>\t\t\t\t<\/div>\n\t\t\t\t<\/div>\n\t\t\t\t<div class=\"elementor-element elementor-element-6c3a974e elementor-widget elementor-widget-text-editor\" data-id=\"6c3a974e\" data-element_type=\"widget\" data-e-type=\"widget\" data-widget_type=\"text-editor.default\">\n\t\t\t\t<div class=\"elementor-widget-container\">\n\t\t\t\t\t\t\t\t\t<p class=\"p1\">Smart og digitalt program til medarbejdersamtalen<\/p><p class=\"p2\">Med Play Your Talent-appen f\u00e5r ledere et intuitivt digitalt v\u00e6rkt\u00f8j, der g\u00f8r medarbejdersamtaler enkle, effektive og motiverende, selv i en travl hverdag.<\/p>\t\t\t\t\t\t\t\t<\/div>\n\t\t\t\t<\/div>\n\t\t\t\t<div class=\"elementor-element elementor-element-4feb0044 elementor-widget elementor-widget-button\" data-id=\"4feb0044\" data-element_type=\"widget\" data-e-type=\"widget\" data-widget_type=\"button.default\">\n\t\t\t\t<div class=\"elementor-widget-container\">\n\t\t\t\t\t\t\t\t\t<div class=\"elementor-button-wrapper\">\n\t\t\t\t\t<a class=\"elementor-button elementor-button-link elementor-size-sm\" href=\"#ctaFooter\">\n\t\t\t\t\t\t<span class=\"elementor-button-content-wrapper\">\n\t\t\t\t\t\t\t\t\t<span class=\"elementor-button-text\">Book en demo<\/span>\n\t\t\t\t\t<\/span>\n\t\t\t\t\t<\/a>\n\t\t\t\t<\/div>\n\t\t\t\t\t\t\t\t<\/div>\n\t\t\t\t<\/div>\n\t\t\t\t<\/div>\n\t\t<div class=\"elementor-element elementor-element-2f71ae5 e-con-full e-flex e-con e-child\" data-id=\"2f71ae5\" data-element_type=\"container\" data-e-type=\"container\">\n\t\t\t\t<div class=\"elementor-element elementor-element-95c631e elementor-widget elementor-widget-image\" data-id=\"95c631e\" data-element_type=\"widget\" data-e-type=\"widget\" data-widget_type=\"image.default\">\n\t\t\t\t<div class=\"elementor-widget-container\">\n\t\t\t\t\t\t\t\t\t\t\t\t\t\t\t<img fetchpriority=\"high\" decoding=\"async\" width=\"800\" height=\"853\" src=\"https:\/\/www.playyourtalent.com\/wp-content\/uploads\/2026\/03\/Skaermbillede-2026-03-26-kl.-08.09.56-960x1024.png\" class=\"attachment-large size-large wp-image-21185\" alt=\"\" srcset=\"https:\/\/www.playyourtalent.com\/wp-content\/uploads\/2026\/03\/Skaermbillede-2026-03-26-kl.-08.09.56-960x1024.png 960w, https:\/\/www.playyourtalent.com\/wp-content\/uploads\/2026\/03\/Skaermbillede-2026-03-26-kl.-08.09.56-281x300.png 281w, https:\/\/www.playyourtalent.com\/wp-content\/uploads\/2026\/03\/Skaermbillede-2026-03-26-kl.-08.09.56-768x819.png 768w, https:\/\/www.playyourtalent.com\/wp-content\/uploads\/2026\/03\/Skaermbillede-2026-03-26-kl.-08.09.56.png 1290w\" sizes=\"(max-width: 800px) 100vw, 800px\" \/>\t\t\t\t\t\t\t\t\t\t\t\t\t\t\t<\/div>\n\t\t\t\t<\/div>\n\t\t\t\t<div class=\"elementor-element elementor-element-49de48c7 elementor-widget elementor-widget-image\" data-id=\"49de48c7\" data-element_type=\"widget\" data-e-type=\"widget\" data-widget_type=\"image.default\">\n\t\t\t\t<div class=\"elementor-widget-container\">\n\t\t\t\t\t\t\t\t\t\t\t\t\t\t\t<img decoding=\"async\" src=\"https:\/\/www.playyourtalent.com\/wp-content\/uploads\/elementor\/thumbs\/play-your-talent_solution-1-1-r00dsliai57ga5l1sutetapibwez8za07cujehueww.png\" title=\"play-your-talent_solution-1.png\" alt=\"play-your-talent_solution-1.png\" loading=\"lazy\" \/>\t\t\t\t\t\t\t\t\t\t\t\t\t\t\t<\/div>\n\t\t\t\t<\/div>\n\t\t\t\t<\/div>\n\t\t\t\t\t<\/div>\n\t\t\t\t<\/div>\n\t\t\t\t<\/div>\n\t\t<div class=\"elementor-element elementor-element-306ea81c e-flex e-con-boxed e-con e-parent\" data-id=\"306ea81c\" data-element_type=\"container\" data-e-type=\"container\" data-settings=\"{&quot;background_background&quot;:&quot;classic&quot;}\">\n\t\t\t\t\t<div class=\"e-con-inner\">\n\t\t<div class=\"elementor-element elementor-element-5ede7e00 e-con-full e-flex e-con e-child\" data-id=\"5ede7e00\" data-element_type=\"container\" data-e-type=\"container\" id=\"companySectionStress\">\n\t\t<div class=\"elementor-element elementor-element-35537460 e-con-full e-flex e-con e-child\" data-id=\"35537460\" data-element_type=\"container\" data-e-type=\"container\" data-settings=\"{&quot;motion_fx_motion_fx_scrolling&quot;:&quot;yes&quot;,&quot;motion_fx_devices&quot;:[&quot;desktop&quot;,&quot;tablet&quot;,&quot;mobile&quot;]}\">\n\t\t\t\t<div class=\"elementor-element elementor-element-6c6539f elementor-widget elementor-widget-heading\" data-id=\"6c6539f\" data-element_type=\"widget\" data-e-type=\"widget\" data-widget_type=\"heading.default\">\n\t\t\t\t<div class=\"elementor-widget-container\">\n\t\t\t\t\t<h3 class=\"elementor-heading-title elementor-size-default\">Talent check-ins baner vejen for den effektive og motiverende medarbejder samtale <\/h3>\t\t\t\t<\/div>\n\t\t\t\t<\/div>\n\t\t\t\t<div class=\"elementor-element elementor-element-6e1dfa88 elementor-widget elementor-widget-text-editor\" data-id=\"6e1dfa88\" data-element_type=\"widget\" data-e-type=\"widget\" data-widget_type=\"text-editor.default\">\n\t\t\t\t<div class=\"elementor-widget-container\">\n\t\t\t\t\t\t\t\t\t<p class=\"cvGsUA direction-ltr align-start para-style-body\"><span class=\"a_GcMg font-feature-liga-off font-feature-clig-off font-feature-calt-off text-decoration-none text-strikethrough-none\">Med Play Your Talent-appen f\u00e5r ledere et intuitivt <\/span><span class=\"a_GcMg font-feature-liga-off font-feature-clig-off font-feature-calt-off text-decoration-none text-strikethrough-none\">digitalt v\u00e6rkt\u00f8j, der g\u00f8r medarbejdersamtaler <\/span><span class=\"a_GcMg font-feature-liga-off font-feature-clig-off font-feature-calt-off text-decoration-none text-strikethrough-none\">enkle og effektive, selv i en travl hverdag. <\/span><span class=\"a_GcMg font-feature-liga-off font-feature-clig-off font-feature-calt-off text-decoration-none text-strikethrough-none\">Forberedelsen tager kun f\u00e5 minutter og skaber <\/span><span class=\"a_GcMg font-feature-liga-off font-feature-clig-off font-feature-calt-off text-decoration-none text-strikethrough-none\">meningsfulde og v\u00e6rdifulde samtaler.<br \/><\/span><span class=\"a_GcMg font-feature-liga-off font-feature-clig-off font-feature-calt-off text-decoration-none text-strikethrough-none\">Metoden sparer tid, l\u00f8fter motivation og <\/span><span class=\"a_GcMg font-feature-liga-off font-feature-clig-off font-feature-calt-off text-decoration-none text-strikethrough-none\">engagement hos den enkelte medarbejder. <\/span><span class=\"a_GcMg font-feature-liga-off font-feature-clig-off font-feature-calt-off text-decoration-none text-strikethrough-none\">Samtidig giver det lederen<\/span><span class=\"a_GcMg font-feature-liga-off font-feature-clig-off font-feature-calt-off text-decoration-none text-strikethrough-none\"> en nem metode til at arbejde m\u00e5lrettet med medarbejdernes styrker og udvikling i hverdage.<br \/><\/span>Konceptet er designet til at underst\u00f8tte jeres eksisterende arbejdsgange. Dvs. at det I g\u00f8r i forvejen, ikke skal erstattes af noget nyt, men at konceptet vil v\u00e6re en positiv tilbygning.<\/p>\t\t\t\t\t\t\t\t<\/div>\n\t\t\t\t<\/div>\n\t\t\t\t<\/div>\n\t\t\t\t<div class=\"elementor-element elementor-element-0f834da elementor-widget elementor-widget-image\" data-id=\"0f834da\" data-element_type=\"widget\" data-e-type=\"widget\" data-widget_type=\"image.default\">\n\t\t\t\t<div class=\"elementor-widget-container\">\n\t\t\t\t\t\t\t\t\t\t\t\t\t\t\t<img decoding=\"async\" width=\"2026\" height=\"1362\" src=\"https:\/\/www.playyourtalent.com\/wp-content\/uploads\/2026\/03\/Skaermbillede-2026-03-26-kl.-10.11.18.png\" class=\"attachment-2048x2048 size-2048x2048 wp-image-21191\" alt=\"\" srcset=\"https:\/\/www.playyourtalent.com\/wp-content\/uploads\/2026\/03\/Skaermbillede-2026-03-26-kl.-10.11.18.png 2026w, https:\/\/www.playyourtalent.com\/wp-content\/uploads\/2026\/03\/Skaermbillede-2026-03-26-kl.-10.11.18-300x202.png 300w, https:\/\/www.playyourtalent.com\/wp-content\/uploads\/2026\/03\/Skaermbillede-2026-03-26-kl.-10.11.18-1024x688.png 1024w, https:\/\/www.playyourtalent.com\/wp-content\/uploads\/2026\/03\/Skaermbillede-2026-03-26-kl.-10.11.18-768x516.png 768w, https:\/\/www.playyourtalent.com\/wp-content\/uploads\/2026\/03\/Skaermbillede-2026-03-26-kl.-10.11.18-1536x1033.png 1536w\" sizes=\"(max-width: 2026px) 100vw, 2026px\" \/>\t\t\t\t\t\t\t\t\t\t\t\t\t\t\t<\/div>\n\t\t\t\t<\/div>\n\t\t\t\t<\/div>\n\t\t<div class=\"elementor-element elementor-element-1f6030a8 e-con-full e-flex e-con e-child\" data-id=\"1f6030a8\" data-element_type=\"container\" data-e-type=\"container\">\n\t\t\t\t<div class=\"elementor-element elementor-element-9c54552 elementor-widget elementor-widget-image\" data-id=\"9c54552\" data-element_type=\"widget\" data-e-type=\"widget\" data-widget_type=\"image.default\">\n\t\t\t\t<div class=\"elementor-widget-container\">\n\t\t\t\t\t\t\t\t\t\t\t\t\t\t\t<img decoding=\"async\" width=\"302\" height=\"612\" src=\"https:\/\/www.playyourtalent.com\/wp-content\/uploads\/2026\/03\/Skaermbillede-2026-03-26-kl.-10.29.21.png\" class=\"attachment-large size-large wp-image-21197\" alt=\"\" srcset=\"https:\/\/www.playyourtalent.com\/wp-content\/uploads\/2026\/03\/Skaermbillede-2026-03-26-kl.-10.29.21.png 302w, https:\/\/www.playyourtalent.com\/wp-content\/uploads\/2026\/03\/Skaermbillede-2026-03-26-kl.-10.29.21-148x300.png 148w\" sizes=\"(max-width: 302px) 100vw, 302px\" \/>\t\t\t\t\t\t\t\t\t\t\t\t\t\t\t<\/div>\n\t\t\t\t<\/div>\n\t\t<div class=\"elementor-element elementor-element-2b0755bb e-con-full e-flex e-con e-child\" data-id=\"2b0755bb\" data-element_type=\"container\" data-e-type=\"container\">\n\t\t\t\t<div class=\"elementor-element elementor-element-59246e8b elementor-widget elementor-widget-heading\" data-id=\"59246e8b\" data-element_type=\"widget\" data-e-type=\"widget\" data-widget_type=\"heading.default\">\n\t\t\t\t<div class=\"elementor-widget-container\">\n\t\t\t\t\t<h3 class=\"elementor-heading-title elementor-size-default\">Talent check-ins er et opg\u00f8r med de meningsl\u00f8se samtaler<\/h3>\t\t\t\t<\/div>\n\t\t\t\t<\/div>\n\t\t\t\t<div class=\"elementor-element elementor-element-510f8cb3 elementor-widget elementor-widget-text-editor\" data-id=\"510f8cb3\" data-element_type=\"widget\" data-e-type=\"widget\" data-widget_type=\"text-editor.default\">\n\t\t\t\t<div class=\"elementor-widget-container\">\n\t\t\t\t\t\t\t\t\t<p>Mange ledere oplever, at de mangler f\u00e6rdighederne og forst\u00e5elsen til at facilitere individuelle samtaler, s\u00e5 de skaber v\u00e6rdi hos medarbejderne, og for mange ledere og medarbejdere er samtaler som MUS noget, som bare skal overst\u00e5s. Har man den indstilling dr\u00e6ner samtalerne b\u00e5de leder og medarbejder for energi og engagement.<\/p><p>Play Your Talent har skabt en metode til at afholde samtaler, s\u00e5 der opn\u00e5s v\u00e6sentligt st\u00f8rre v\u00e6rdi ud af den dyrebare tid, der bruges p\u00e5 at samtalerne.\u00a0\u00a0<\/p><p>Metoden er hurtig at forberede og giver lederen et klart indblik i, hvor medarbejderen kan styrkes. Samtidig pr\u00e6senteres individuelt tilpassede sp\u00f8rgsm\u00e5l, som g\u00f8r det nemt at underst\u00f8tte den enkelte medarbejders trivsel og fremdrift.<\/p>\t\t\t\t\t\t\t\t<\/div>\n\t\t\t\t<\/div>\n\t\t\t\t<\/div>\n\t\t\t\t<\/div>\n\t\t<div class=\"elementor-element elementor-element-8657a19 e-con-full e-flex e-con e-child\" data-id=\"8657a19\" data-element_type=\"container\" data-e-type=\"container\">\n\t\t<div class=\"elementor-element elementor-element-98e1332 e-con-full e-flex e-con e-child\" data-id=\"98e1332\" data-element_type=\"container\" data-e-type=\"container\" data-settings=\"{&quot;motion_fx_motion_fx_scrolling&quot;:&quot;yes&quot;,&quot;motion_fx_devices&quot;:[&quot;desktop&quot;,&quot;tablet&quot;,&quot;mobile&quot;]}\">\n\t\t\t\t<div class=\"elementor-element elementor-element-e9de6de elementor-widget elementor-widget-heading\" data-id=\"e9de6de\" data-element_type=\"widget\" data-e-type=\"widget\" data-widget_type=\"heading.default\">\n\t\t\t\t<div class=\"elementor-widget-container\">\n\t\t\t\t\t<h3 class=\"elementor-heading-title elementor-size-default\">V\u00e6rdi ved Talent check-ins\n<\/h3>\t\t\t\t<\/div>\n\t\t\t\t<\/div>\n\t\t\t\t<div class=\"elementor-element elementor-element-9e026bd elementor-widget elementor-widget-text-editor\" data-id=\"9e026bd\" data-element_type=\"widget\" data-e-type=\"widget\" data-widget_type=\"text-editor.default\">\n\t\t\t\t<div class=\"elementor-widget-container\">\n\t\t\t\t\t\t\t\t\t<ul><li>Sikrer en meningsfuld og motiverende samtale<\/li><li>Tr\u00e6ner lederne til at lede forskelligheder<\/li><li>Skaber engagement og fremdrift hos den enkelte medarbejder<\/li><li>Skaber den optimale ramme for medarbejdernes udviklingsproces<\/li><\/ul>\t\t\t\t\t\t\t\t<\/div>\n\t\t\t\t<\/div>\n\t\t\t\t<\/div>\n\t\t\t\t<div class=\"elementor-element elementor-element-7f25e78 elementor-widget elementor-widget-image\" data-id=\"7f25e78\" data-element_type=\"widget\" data-e-type=\"widget\" data-widget_type=\"image.default\">\n\t\t\t\t<div class=\"elementor-widget-container\">\n\t\t\t\t\t\t\t\t\t\t\t\t\t\t\t<img loading=\"lazy\" decoding=\"async\" width=\"800\" height=\"530\" src=\"https:\/\/www.playyourtalent.com\/wp-content\/uploads\/2026\/03\/Skaermbillede-2026-03-26-kl.-10.13.10-1024x679.png\" class=\"attachment-large size-large wp-image-21193\" alt=\"\" srcset=\"https:\/\/www.playyourtalent.com\/wp-content\/uploads\/2026\/03\/Skaermbillede-2026-03-26-kl.-10.13.10-1024x679.png 1024w, https:\/\/www.playyourtalent.com\/wp-content\/uploads\/2026\/03\/Skaermbillede-2026-03-26-kl.-10.13.10-300x199.png 300w, https:\/\/www.playyourtalent.com\/wp-content\/uploads\/2026\/03\/Skaermbillede-2026-03-26-kl.-10.13.10-768x509.png 768w, https:\/\/www.playyourtalent.com\/wp-content\/uploads\/2026\/03\/Skaermbillede-2026-03-26-kl.-10.13.10.png 1162w\" sizes=\"(max-width: 800px) 100vw, 800px\" \/>\t\t\t\t\t\t\t\t\t\t\t\t\t\t\t<\/div>\n\t\t\t\t<\/div>\n\t\t\t\t<\/div>\n\t\t\t\t\t<\/div>\n\t\t\t\t<\/div>\n\t\t<div class=\"elementor-element elementor-element-4705b65f e-flex e-con-boxed e-con e-parent\" data-id=\"4705b65f\" data-element_type=\"container\" data-e-type=\"container\" data-settings=\"{&quot;background_background&quot;:&quot;classic&quot;}\">\n\t\t\t\t\t<div class=\"e-con-inner\">\n\t\t<div class=\"elementor-element elementor-element-6d51d7b0 e-con-full e-flex e-con e-child\" data-id=\"6d51d7b0\" data-element_type=\"container\" data-e-type=\"container\">\n\t\t<div class=\"elementor-element elementor-element-61b60a11 e-con-full e-flex e-con e-child\" data-id=\"61b60a11\" data-element_type=\"container\" data-e-type=\"container\">\n\t\t\t\t<div class=\"elementor-element elementor-element-5ce688c0 elementor-widget elementor-widget-heading\" data-id=\"5ce688c0\" data-element_type=\"widget\" data-e-type=\"widget\" data-widget_type=\"heading.default\">\n\t\t\t\t<div class=\"elementor-widget-container\">\n\t\t\t\t\t<h2 class=\"elementor-heading-title elementor-size-default\">S\u00e5dan fungerer det\u200b<\/h2>\t\t\t\t<\/div>\n\t\t\t\t<\/div>\n\t\t\t\t<div class=\"elementor-element elementor-element-192a255f elementor-widget elementor-widget-text-editor\" data-id=\"192a255f\" data-element_type=\"widget\" data-e-type=\"widget\" data-widget_type=\"text-editor.default\">\n\t\t\t\t<div class=\"elementor-widget-container\">\n\t\t\t\t\t\t\t\t\t<p>Talent check-in konceptet best\u00e5r af en metode, hvor der skabes fokus p\u00e5 motivation, mening og m\u00e5l via digitale underst\u00f8ttende v\u00e6rkt\u00f8jer.<\/p><ul><li>Med appen Play Your Talent afd\u00e6kkes talenterne og herved motivationsfaktorerne<\/li><li>Medarbejderen indkaldes til at vurdere deres talenter<\/li><li>Lederen ser vurderingerne, v\u00e6lger tema og f\u00e5r pr\u00e6senteret sp\u00f8rgsm\u00e5l til samtalen<\/li><li>Samtalen er klar til afholdelse, lige ved h\u00e5nden<\/li><\/ul>\t\t\t\t\t\t\t\t<\/div>\n\t\t\t\t<\/div>\n\t\t\t\t<\/div>\n\t\t<div class=\"elementor-element elementor-element-1bd063cb e-con-full e-flex e-con e-child\" data-id=\"1bd063cb\" data-element_type=\"container\" data-e-type=\"container\">\n\t\t\t\t<\/div>\n\t\t\t\t<\/div>\n\t\t\t\t\t<\/div>\n\t\t\t\t<\/div>\n\t\t<div class=\"elementor-element elementor-element-799be45e e-flex e-con-boxed e-con e-parent\" data-id=\"799be45e\" data-element_type=\"container\" data-e-type=\"container\" data-settings=\"{&quot;background_background&quot;:&quot;classic&quot;}\">\n\t\t\t\t\t<div class=\"e-con-inner\">\n\t\t<div class=\"elementor-element elementor-element-68cc37ca e-con-full e-flex e-con e-child\" data-id=\"68cc37ca\" data-element_type=\"container\" data-e-type=\"container\">\n\t\t<div class=\"elementor-element elementor-element-5bfcce3e e-con-full e-flex e-con e-child\" data-id=\"5bfcce3e\" data-element_type=\"container\" data-e-type=\"container\">\n\t\t\t\t<div class=\"elementor-element elementor-element-4c316abf elementor-widget elementor-widget-icon-box\" data-id=\"4c316abf\" data-element_type=\"widget\" data-e-type=\"widget\" data-widget_type=\"icon-box.default\">\n\t\t\t\t<div class=\"elementor-widget-container\">\n\t\t\t\t\t\t\t<div class=\"elementor-icon-box-wrapper\">\n\n\t\t\t\n\t\t\t\t\t\t<div class=\"elementor-icon-box-content\">\n\n\t\t\t\t\t\t\t\t\t<h3 class=\"elementor-icon-box-title\">\n\t\t\t\t\t\t<span  >\n\t\t\t\t\t\t\tHvordan g\u00f8r du dine 1:1-samtaler mere meningsfulde?\t\t\t\t\t\t<\/span>\n\t\t\t\t\t<\/h3>\n\t\t\t\t\n\t\t\t\t\t\t\t\t\t<p class=\"elementor-icon-box-description\">\n\t\t\t\t\t\tMange medarbejdersamtaler f\u00f8les som en pligt \u2013 men hvad hvis de kunne skabe reel udvikling? \nLyt med n\u00e5r Michael Casparij og Iris Isabella Engelund giver dig konkrete v\u00e6rkt\u00f8jer til at styrke samarbejde og gensidig forst\u00e5else i dette afsnit af vores podvast \"Talent Toolbox Talks\"\t\t\t\t\t<\/p>\n\t\t\t\t\n\t\t\t<\/div>\n\t\t\t\n\t\t<\/div>\n\t\t\t\t\t\t<\/div>\n\t\t\t\t<\/div>\n\t\t\t\t<\/div>\n\t\t<div class=\"elementor-element elementor-element-6409e7b1 e-con-full e-flex e-con e-child\" data-id=\"6409e7b1\" data-element_type=\"container\" data-e-type=\"container\">\n\t\t\t\t<div class=\"elementor-element elementor-element-3722059a elementor-widget__width-initial elementor-widget elementor-widget-text-editor\" data-id=\"3722059a\" data-element_type=\"widget\" data-e-type=\"widget\" data-widget_type=\"text-editor.default\">\n\t\t\t\t<div class=\"elementor-widget-container\">\n\t\t\t\t\t\t\t\t\t<p>#13 &#8211; Bring mening, m\u00e5l og motivation ind i den individuelle samtale<\/p>\t\t\t\t\t\t\t\t<\/div>\n\t\t\t\t<\/div>\n\t\t\t\t<div class=\"elementor-element elementor-element-432a91cc elementor-widget elementor-widget-button\" data-id=\"432a91cc\" data-element_type=\"widget\" data-e-type=\"widget\" data-widget_type=\"button.default\">\n\t\t\t\t<div class=\"elementor-widget-container\">\n\t\t\t\t\t\t\t\t\t<div class=\"elementor-button-wrapper\">\n\t\t\t\t\t<a class=\"elementor-button elementor-button-link elementor-size-sm\" href=\"https:\/\/open.spotify.com\/episode\/0uCsT1KQ3Vrvu0nJvncZ7N?si=fd591939db924294&#038;nd=1&#038;dlsi=6cf76440f37b46bd\" target=\"_blank\" rel=\"noopener\">\n\t\t\t\t\t\t<span class=\"elementor-button-content-wrapper\">\n\t\t\t\t\t\t\t\t\t<span class=\"elementor-button-text\">Lyt med her<\/span>\n\t\t\t\t\t<\/span>\n\t\t\t\t\t<\/a>\n\t\t\t\t<\/div>\n\t\t\t\t\t\t\t\t<\/div>\n\t\t\t\t<\/div>\n\t\t\t\t<\/div>\n\t\t\t\t<\/div>\n\t\t\t\t\t<\/div>\n\t\t\t\t<\/div>\n\t\t<div class=\"elementor-element elementor-element-34cc02bc e-flex e-con-boxed e-con e-parent\" data-id=\"34cc02bc\" data-element_type=\"container\" data-e-type=\"container\">\n\t\t\t\t\t<div class=\"e-con-inner\">\n\t\t\t\t<div class=\"elementor-element elementor-element-117f21c elementor-widget__width-initial elementor-widget elementor-widget-heading\" data-id=\"117f21c\" data-element_type=\"widget\" data-e-type=\"widget\" data-widget_type=\"heading.default\">\n\t\t\t\t<div class=\"elementor-widget-container\">\n\t\t\t\t\t<h2 class=\"elementor-heading-title elementor-size-default\">S\u00e5dan kommer du i gang<\/h2>\t\t\t\t<\/div>\n\t\t\t\t<\/div>\n\t\t\t\t<div class=\"elementor-element elementor-element-1e206afa elementor-widget__width-initial elementor-widget elementor-widget-text-editor\" data-id=\"1e206afa\" data-element_type=\"widget\" data-e-type=\"widget\" data-widget_type=\"text-editor.default\">\n\t\t\t\t<div class=\"elementor-widget-container\">\n\t\t\t\t\t\t\t\t\t<p>Vil du bruge konceptet, f\u00e5r du tr\u00e6ning via en workshop, samt udleveret materiale, s\u00e5 du er godt kl\u00e6dt p\u00e5 til at rulle det ud i egen virksomhed.<\/p>\t\t\t\t\t\t\t\t<\/div>\n\t\t\t\t<\/div>\n\t\t<div class=\"elementor-element elementor-element-40bbe4d2 e-con-full e-flex e-con e-child\" data-id=\"40bbe4d2\" data-element_type=\"container\" data-e-type=\"container\">\n\t\t\t\t<div class=\"elementor-element elementor-element-3d239245 elementor-align-center elementor-widget elementor-widget-button\" data-id=\"3d239245\" data-element_type=\"widget\" data-e-type=\"widget\" data-widget_type=\"button.default\">\n\t\t\t\t<div class=\"elementor-widget-container\">\n\t\t\t\t\t\t\t\t\t<div class=\"elementor-button-wrapper\">\n\t\t\t\t\t<a class=\"elementor-button elementor-button-link elementor-size-sm\" href=\"#ctaFooter\">\n\t\t\t\t\t\t<span class=\"elementor-button-content-wrapper\">\n\t\t\t\t\t\t\t\t\t<span class=\"elementor-button-text\">Book demo<\/span>\n\t\t\t\t\t<\/span>\n\t\t\t\t\t<\/a>\n\t\t\t\t<\/div>\n\t\t\t\t\t\t\t\t<\/div>\n\t\t\t\t<\/div>\n\t\t\t\t<\/div>\n\t\t\t\t\t<\/div>\n\t\t\t\t<\/div>\n\t\t\t\t<\/div>\n\t\t","protected":false},"excerpt":{"rendered":"<p>Implementering Digitale talent check-ins Smart og digitalt program til medarbejdersamtalen Med Play Your Talent-appen f\u00e5r ledere et intuitivt digitalt v\u00e6rkt\u00f8j, der g\u00f8r medarbejdersamtaler enkle, effektive og motiverende, selv i en [&hellip;]<\/p>\n","protected":false},"author":21032123,"featured_media":0,"parent":0,"menu_order":0,"comment_status":"closed","ping_status":"closed","template":"elementor_header_footer","meta":{"content-type":"","inline_featured_image":false,"footnotes":""},"class_list":["post-17617","page","type-page","status-publish","hentry"],"_links":{"self":[{"href":"https:\/\/www.playyourtalent.com\/da\/wp-json\/wp\/v2\/pages\/17617","targetHints":{"allow":["GET"]}}],"collection":[{"href":"https:\/\/www.playyourtalent.com\/da\/wp-json\/wp\/v2\/pages"}],"about":[{"href":"https:\/\/www.playyourtalent.com\/da\/wp-json\/wp\/v2\/types\/page"}],"author":[{"embeddable":true,"href":"https:\/\/www.playyourtalent.com\/da\/wp-json\/wp\/v2\/users\/21032123"}],"replies":[{"embeddable":true,"href":"https:\/\/www.playyourtalent.com\/da\/wp-json\/wp\/v2\/comments?post=17617"}],"version-history":[{"count":36,"href":"https:\/\/www.playyourtalent.com\/da\/wp-json\/wp\/v2\/pages\/17617\/revisions"}],"predecessor-version":[{"id":21209,"href":"https:\/\/www.playyourtalent.com\/da\/wp-json\/wp\/v2\/pages\/17617\/revisions\/21209"}],"wp:attachment":[{"href":"https:\/\/www.playyourtalent.com\/da\/wp-json\/wp\/v2\/media?parent=17617"}],"curies":[{"name":"wp","href":"https:\/\/api.w.org\/{rel}","templated":true}]}}